{"id":459,"date":"2015-06-16T16:13:13","date_gmt":"2015-06-16T14:13:13","guid":{"rendered":"http:\/\/www.campingilmelo.it\/?page_id=459"},"modified":"2026-03-10T16:21:36","modified_gmt":"2026-03-10T15:21:36","slug":"prijzen","status":"publish","type":"page","link":"https:\/\/www.campingilmelo.it\/nl\/prijzen\/","title":{"rendered":"Prijzen"},"content":{"rendered":"\n<table id=\"tablepress-5\" class=\"tablepress tablepress-id-5 tblprezzi\">\n<thead>\n<tr class=\"row-1 odd\">\n\t<th class=\"column-1\">PLAATSEN<\/th><th class=\"column-2\">1\/1 - 14\/6   1\/9 - 31\/12<\/th><th class=\"column-3\">15\/6 - 31\/8<\/th>\n<\/tr>\n<\/thead>\n<tbody class=\"row-hover\">\n<tr class=\"row-2 even\">\n\t<td class=\"column-1\">VOLWASSENE<\/td><td class=\"column-2\">\u20ac 6<\/td><td class=\"column-3\">\u20ac 7<\/td>\n<\/tr>\n<tr class=\"row-3 odd\">\n\t<td class=\"column-1\">KIND VAN 3 TOT 11 JAAR<\/td><td class=\"column-2\">\u20ac 5<\/td><td class=\"column-3\">\u20ac 7<\/td>\n<\/tr>\n<tr class=\"row-4 even\">\n\t<td class=\"column-1\">KIND VAN 0 TOT 2 JAAR<\/td><td class=\"column-2\">GRATIS<\/td><td class=\"column-3\">GRATIS<\/td>\n<\/tr>\n<tr class=\"row-5 odd\">\n\t<td class=\"column-1\">CARAVAN, CAMPER, TENT<\/td><td class=\"column-2\">\u20ac 7<\/td><td class=\"column-3\">\u20ac 8<\/td>\n<\/tr>\n<tr class=\"row-6 even\">\n\t<td class=\"column-1\">EXTRA TENT<\/td><td class=\"column-2\"><\/td><td class=\"column-3\">\u20ac 5<\/td>\n<\/tr>\n<tr class=\"row-7 odd\">\n\t<td class=\"column-1\">STROOM<\/td><td class=\"column-2\">\u20ac 4<\/td><td class=\"column-3\">\u20ac 4<\/td>\n<\/tr>\n<tr class=\"row-8 even\">\n\t<td class=\"column-1\">HOND<\/td><td class=\"column-2\">\u20ac 3<\/td><td class=\"column-3\">\u20ac 3<\/td>\n<\/tr>\n<tr class=\"row-9 odd\">\n\t<td class=\"column-1\">WARME DOUCHE<\/td><td class=\"column-2\">\u20ac 1<\/td><td class=\"column-3\">\u20ac 1<\/td>\n<\/tr>\n<tr class=\"row-10 even\">\n\t<td class=\"column-1\">WASMACHINE \/ DROGER<\/td><td class=\"column-2\">\u20ac 4 \/ \u20ac 5<\/td><td class=\"column-3\">\u20ac 4 \/ \u20ac 5<\/td>\n<\/tr>\n<tr class=\"row-11 odd\">\n\t<td class=\"column-1\">BEZOEKER (van 3 jaar)<\/td><td class=\"column-2\">\u20ac 3,50<\/td><td class=\"column-3\">\u20ac 5<\/td>\n<\/tr>\n<\/tbody>\n<\/table>\n<!-- #tablepress-5 from cache -->\n<p>Het dagtarief is geldig tot 12.00 uur op de dag van vertrek.<\/p>\n<h3>Partnerschappen<\/h3>\n<h3><a href=\"https:\/\/www.campingcard.nl\/italie\/piemont\/cuneo\/peveragno\/camping-il-melo-111586\/?_ga=2.39801573.793847311.1519378511-467741748.1464442767\" target=\"_blank\" rel=\"noopener\"><img decoding=\"async\" loading=\"lazy\" class=\"alignnone wp-image-329 \" src=\"http:\/\/www.campingilmelo.it\/wp-content\/uploads\/2015\/05\/camping-card-acsi.png\" alt=\"Camping Card ACSI\" width=\"177\" height=\"80\"><\/a><a href=\"http:\/\/www.campingilmelo.it\/wp-content\/uploads\/2019\/04\/anwb.jpeg\"><img decoding=\"async\" loading=\"lazy\" class=\"alignnone wp-image-2482\" src=\"http:\/\/www.campingilmelo.it\/wp-content\/uploads\/2019\/04\/anwb.jpeg\" alt=\"\" width=\"57\" height=\"57\" srcset=\"https:\/\/www.campingilmelo.it\/wp-content\/uploads\/2019\/04\/anwb.jpeg 225w, https:\/\/www.campingilmelo.it\/wp-content\/uploads\/2019\/04\/anwb-150x150.jpeg 150w, https:\/\/www.campingilmelo.it\/wp-content\/uploads\/2019\/04\/anwb-60x60.jpeg 60w\" sizes=\"(max-width: 57px) 100vw, 57px\" \/><\/a> <a href=\"http:\/\/www.campingkeyitalia.it\/index.html\" target=\"_blank\" rel=\"noopener\"><img decoding=\"async\" loading=\"lazy\" class=\"alignnone wp-image-886\" src=\"http:\/\/www.campingilmelo.it\/wp-content\/uploads\/2015\/05\/CKElogo.jpg\" alt=\"CKElogo\" width=\"134\" height=\"45\"><\/a> <a href=\"https:\/\/www.pitchup.com\/it\/campsites\/italy\/piemonte\/cuneo\/peveragno\/camping-il-melo\/\" target=\"_blank\" rel=\"noopener\"><img decoding=\"async\" loading=\"lazy\" class=\"alignnone wp-image-904\" src=\"http:\/\/www.campingilmelo.it\/wp-content\/uploads\/2015\/05\/pitchup.jpeg\" alt=\"\" width=\"80\" height=\"80\" srcset=\"https:\/\/www.campingilmelo.it\/wp-content\/uploads\/2015\/05\/pitchup.jpeg 90w, https:\/\/www.campingilmelo.it\/wp-content\/uploads\/2015\/05\/pitchup-60x60.jpeg 60w\" sizes=\"(max-width: 80px) 100vw, 80px\" \/><\/a> <a href=\"https:\/\/www.eurocampings.nl\/italie\/piemont\/cuneo\/peveragno\/camping-il-melo-111586\/?_ga=2.47188711.1926710900.1519411556-1282150617.1519411556\" target=\"_blank\" rel=\"noopener\"><img decoding=\"async\" loading=\"lazy\" class=\"alignnone wp-image-1212\" src=\"http:\/\/www.campingilmelo.it\/wp-content\/uploads\/2018\/02\/logo-acsi.png\" alt=\"\" width=\"64\" height=\"64\" srcset=\"https:\/\/www.campingilmelo.it\/wp-content\/uploads\/2018\/02\/logo-acsi.png 225w, https:\/\/www.campingilmelo.it\/wp-content\/uploads\/2018\/02\/logo-acsi-150x150.png 150w, https:\/\/www.campingilmelo.it\/wp-content\/uploads\/2018\/02\/logo-acsi-60x60.png 60w\" sizes=\"(max-width: 64px) 100vw, 64px\" \/><\/a> <a href=\"http:\/\/www.campingilmelo.it\/wp-content\/uploads\/2019\/04\/adac.png\"><img decoding=\"async\" loading=\"lazy\" class=\"alignnone wp-image-2483\" src=\"http:\/\/www.campingilmelo.it\/wp-content\/uploads\/2019\/04\/adac.png\" alt=\"\" width=\"62\" height=\"62\" srcset=\"https:\/\/www.campingilmelo.it\/wp-content\/uploads\/2019\/04\/adac.png 128w, https:\/\/www.campingilmelo.it\/wp-content\/uploads\/2019\/04\/adac-60x60.png 60w\" sizes=\"(max-width: 62px) 100vw, 62px\" \/><\/a> <a href=\"https:\/\/svr.nl\/camping\/3399001\" target=\"_blank\" rel=\"noopener\"><img decoding=\"async\" loading=\"lazy\" class=\"alignnone wp-image-2580\" src=\"http:\/\/www.campingilmelo.it\/wp-content\/uploads\/2019\/04\/SVR-LOGO.jpg\" alt=\"\" width=\"86\" height=\"55\"><\/a><a href=\"http:\/\/www.campingilmelo.it\/wp-content\/uploads\/2019\/04\/logo-Pleinairclub-1.png\"><img decoding=\"async\" loading=\"lazy\" class=\"alignnone wp-image-2476\" src=\"http:\/\/www.campingilmelo.it\/wp-content\/uploads\/2019\/04\/logo-Pleinairclub-1-300x300.png\" alt=\"\" width=\"75\" height=\"75\" srcset=\"https:\/\/www.campingilmelo.it\/wp-content\/uploads\/2019\/04\/logo-Pleinairclub-1-300x300.png 300w, https:\/\/www.campingilmelo.it\/wp-content\/uploads\/2019\/04\/logo-Pleinairclub-1-150x150.png 150w, https:\/\/www.campingilmelo.it\/wp-content\/uploads\/2019\/04\/logo-Pleinairclub-1-768x768.png 768w, https:\/\/www.campingilmelo.it\/wp-content\/uploads\/2019\/04\/logo-Pleinairclub-1-60x60.png 60w, https:\/\/www.campingilmelo.it\/wp-content\/uploads\/2019\/04\/logo-Pleinairclub-1.png 800w\" sizes=\"(max-width: 75px) 100vw, 75px\" \/><\/a><a href=\"http:\/\/www.ciaocampeggio.it\/camping_piemonte.php\" target=\"_blank\" rel=\"noopener\"><img decoding=\"async\" loading=\"lazy\" class=\"alignnone wp-image-332 \" src=\"http:\/\/www.campingilmelo.it\/wp-content\/uploads\/2015\/05\/confederazione-italiana-campeggiatori.png\" alt=\"Confederazione italiana campeggiatori\" width=\"79\" height=\"80\" srcset=\"https:\/\/www.campingilmelo.it\/wp-content\/uploads\/2015\/05\/confederazione-italiana-campeggiatori.png 99w, https:\/\/www.campingilmelo.it\/wp-content\/uploads\/2015\/05\/confederazione-italiana-campeggiatori-60x60.png 60w\" sizes=\"(max-width: 79px) 100vw, 79px\" \/><\/a><a href=\"http:\/\/www.camperclubitaliano.it\/\" target=\"_blank\" rel=\"noopener\"><img decoding=\"async\" loading=\"lazy\" class=\"alignnone wp-image-335 \" src=\"http:\/\/www.campingilmelo.it\/wp-content\/uploads\/2015\/05\/camper-club-italiano.png\" alt=\"Camper club italiano\" width=\"120\" height=\"80\" srcset=\"https:\/\/www.campingilmelo.it\/wp-content\/uploads\/2015\/05\/camper-club-italiano.png 151w, https:\/\/www.campingilmelo.it\/wp-content\/uploads\/2015\/05\/camper-club-italiano-150x100.png 150w\" sizes=\"(max-width: 120px) 100vw, 120px\" \/><\/a><a href=\"http:\/\/www.coordinamentocamperisti.it\/\" target=\"_blank\" rel=\"noopener\"><img decoding=\"async\" loading=\"lazy\" class=\"alignnone wp-image-334\" src=\"http:\/\/www.campingilmelo.it\/wp-content\/uploads\/2015\/05\/associazione-camperisti.png\" alt=\"Associazione italiana camperisti\" width=\"150\" height=\"79\"><\/a>&nbsp; &nbsp;&nbsp;<\/h3>\n\n<table id=\"tablepress-8\" class=\"tablepress tablepress-id-8 tblprezzi2\">\n<thead>\n<tr class=\"row-1 odd\">\n\t<th class=\"column-1\">BUNGALOW <br \/>\n(APRILE-OTTOBRE)<\/th><th colspan=\"2\" class=\"column-2\">           3 NOTTI<br \/>\n3 nights \/ 3 nuits <\/th><th colspan=\"2\" class=\"column-4\">             7 NOTTI<br \/>\n7 nights \/ 7 nuits <\/th>\n<\/tr>\n<\/thead>\n<tbody class=\"row-hover\">\n<tr class=\"row-2 even\">\n\t<td class=\"column-1\"><\/td><td class=\"column-2\">1\/4-14\/6<br \/>\n1\/9-15\/10<\/td><td class=\"column-3\">15\/6- 31\/8<\/td><td class=\"column-4\">1\/4-14\/6<br \/>\n1\/9-15\/10<\/td><td class=\"column-5\">15\/6 - 31\/8<\/td>\n<\/tr>\n<tr class=\"row-3 odd\">\n\t<td class=\"column-1\">2 PERSONE <br \/>\n2 persons\/2 personnes<br \/>\n<\/td><td class=\"column-2\">\u20ac 125<\/td><td class=\"column-3\">\u20ac 170<\/td><td class=\"column-4\">\u20ac 300<\/td><td class=\"column-5\">\u20ac 400<\/td>\n<\/tr>\n<tr class=\"row-4 even\">\n\t<td class=\"column-1\">PERSONA IN PI\u00d9<br \/>\nextra person<\/td><td class=\"column-2\">\u20ac 30<\/td><td class=\"column-3\">\u20ac 45<\/td><td class=\"column-4\">\u20ac 70<\/td><td class=\"column-5\">\u20ac 105<\/td>\n<\/tr>\n<tr class=\"row-5 odd\">\n\t<td class=\"column-1\">BEB\u00c8 (0-2)<br \/>\nBaby<\/td><td class=\"column-2\">0<\/td><td class=\"column-3\">0<\/td><td class=\"column-4\">0<\/td><td class=\"column-5\">0<\/td>\n<\/tr>\n<tr class=\"row-6 even\">\n\t<td class=\"column-1\">NOTTE SUPPLEMENTARE SU RICHIESTA <br \/>\nadded night on request \/ nuit suppl\u00e9mentaire sur demande<\/td><td class=\"column-2\">+45\/+10<br \/>\n<\/td><td class=\"column-3\">+60\/+15<br \/>\n<\/td><td class=\"column-4\">+45\/+10<br \/>\n<\/td><td class=\"column-5\">+60\/+15<br \/>\n<\/td>\n<\/tr>\n<tr class=\"row-7 odd\">\n\t<td class=\"column-1\">ANIMALE da COMPAGNIA<br \/>\npet\/animal<\/td><td class=\"column-2\">\u20ac 18<\/td><td class=\"column-3\">\u20ac 18<\/td><td class=\"column-4\">\u20ac 42<\/td><td class=\"column-5\">\u20ac 42<\/td>\n<\/tr>\n<tr class=\"row-8 even\">\n\t<td class=\"column-1\">CONSUMO ELETTRICITA'<br \/>\nelectricity consumption\/ consommation \u00e9l\u00e9ctricit\u00e9<\/td><td class=\"column-2\">\u20ac 0.50\/kw<\/td><td class=\"column-3\">\u20ac 0.50\/kw <\/td><td class=\"column-4\">\u20ac 0.50\/kw <\/td><td class=\"column-5\">\u20ac 0.50\/kw <\/td>\n<\/tr>\n<\/tbody>\n<\/table>\n<!-- #tablepress-8 from cache -->\n<p>AANKOMST: vanaf 16.00 uur VERTREK: voor 10.00 uur<\/p>\n<p>NIET OPGENOMEN:&nbsp;&nbsp; LAATSTE SCHOONMAAKBEURT (verplicht): \u20ac 10&nbsp; &#8211;&nbsp; Stroom (\u20ac 0,50\/kw) &#8211; Lakens en linnengoed (<span class=\"text\" lang=\"nl\">niet meegeleverd<\/span>).<\/p>\n<div class=\"oSioSc\">\n<div id=\"tw-target\">\n<div id=\"kAz1tf\" class=\"g9WsWb\">\n<div id=\"tw-target-text-container\" class=\"tw-ta-container tw-nfl\" style=\"text-align: center;\" tabindex=\"0\">\n<p id=\"tw-target-text\" class=\"tw-data-text tw-text-large tw-ta\" dir=\"ltr\" data-placeholder=\"Traduzione\">&nbsp;<\/p>\n<\/div>\n<\/div>\n<\/div>\n<\/div>\n<p><a href=\"http:\/\/www.campingilmelo.it\/wp-content\/uploads\/2015\/05\/bungalow.jpg\"><img decoding=\"async\" loading=\"lazy\" class=\"alignnone wp-image-894\" src=\"http:\/\/www.campingilmelo.it\/wp-content\/uploads\/2015\/05\/bungalow-300x223.jpg\" alt=\"\" width=\"176\" height=\"130\" srcset=\"https:\/\/www.campingilmelo.it\/wp-content\/uploads\/2015\/05\/bungalow-300x223.jpg 300w, https:\/\/www.campingilmelo.it\/wp-content\/uploads\/2015\/05\/bungalow.jpg 641w\" sizes=\"(max-width: 176px) 100vw, 176px\" \/> <\/a><a href=\"http:\/\/www.campingilmelo.it\/wp-content\/uploads\/2015\/05\/room.jpg\"><img decoding=\"async\" loading=\"lazy\" class=\"alignnone wp-image-899\" src=\"http:\/\/www.campingilmelo.it\/wp-content\/uploads\/2015\/05\/room-300x225.jpg\" alt=\"\" width=\"176\" height=\"132\" srcset=\"https:\/\/www.campingilmelo.it\/wp-content\/uploads\/2015\/05\/room-300x225.jpg 300w, https:\/\/www.campingilmelo.it\/wp-content\/uploads\/2015\/05\/room-768x576.jpg 768w, https:\/\/www.campingilmelo.it\/wp-content\/uploads\/2015\/05\/room.jpg 800w\" sizes=\"(max-width: 176px) 100vw, 176px\" \/> <\/a><a href=\"http:\/\/www.campingilmelo.it\/wp-content\/uploads\/2026\/03\/kitchen-new-2.jpg\"><img decoding=\"async\" loading=\"lazy\" class=\"alignnone  wp-image-3582\" src=\"http:\/\/www.campingilmelo.it\/wp-content\/uploads\/2026\/03\/kitchen-new-2-266x300.jpg\" alt=\"\" width=\"117\" height=\"132\" srcset=\"https:\/\/www.campingilmelo.it\/wp-content\/uploads\/2026\/03\/kitchen-new-2-266x300.jpg 266w, https:\/\/www.campingilmelo.it\/wp-content\/uploads\/2026\/03\/kitchen-new-2-908x1024.jpg 908w, https:\/\/www.campingilmelo.it\/wp-content\/uploads\/2026\/03\/kitchen-new-2-768x867.jpg 768w, https:\/\/www.campingilmelo.it\/wp-content\/uploads\/2026\/03\/kitchen-new-2-1361x1536.jpg 1361w, https:\/\/www.campingilmelo.it\/wp-content\/uploads\/2026\/03\/kitchen-new-2.jpg 1504w\" sizes=\"(max-width: 117px) 100vw, 117px\" \/><\/a> <a href=\"http:\/\/www.campingilmelo.it\/wp-content\/uploads\/2015\/05\/lavanda-.jpg\"><img decoding=\"async\" loading=\"lazy\" class=\"alignnone wp-image-896\" src=\"http:\/\/www.campingilmelo.it\/wp-content\/uploads\/2015\/05\/lavanda--225x300.jpg\" alt=\"\" width=\"100\" height=\"134\" srcset=\"https:\/\/www.campingilmelo.it\/wp-content\/uploads\/2015\/05\/lavanda--225x300.jpg 225w, https:\/\/www.campingilmelo.it\/wp-content\/uploads\/2015\/05\/lavanda--768x1024.jpg 768w, https:\/\/www.campingilmelo.it\/wp-content\/uploads\/2015\/05\/lavanda-.jpg 1920w\" sizes=\"(max-width: 100px) 100vw, 100px\" \/> <\/a><a href=\"http:\/\/www.campingilmelo.it\/wp-content\/uploads\/2019\/03\/lavanda-kitchen.jpg\"><img decoding=\"async\" loading=\"lazy\" class=\"alignnone wp-image-2439\" src=\"http:\/\/www.campingilmelo.it\/wp-content\/uploads\/2019\/03\/lavanda-kitchen-225x300.jpg\" alt=\"\" width=\"99\" height=\"132\" srcset=\"https:\/\/www.campingilmelo.it\/wp-content\/uploads\/2019\/03\/lavanda-kitchen-225x300.jpg 225w, https:\/\/www.campingilmelo.it\/wp-content\/uploads\/2019\/03\/lavanda-kitchen.jpg 280w\" sizes=\"(max-width: 99px) 100vw, 99px\" \/> <\/a><a href=\"http:\/\/www.campingilmelo.it\/wp-content\/uploads\/2026\/03\/camera-scaled.jpg\"><img decoding=\"async\" loading=\"lazy\" class=\"alignnone  wp-image-3579\" src=\"http:\/\/www.campingilmelo.it\/wp-content\/uploads\/2026\/03\/camera-139x300.jpg\" alt=\"\" width=\"62\" height=\"134\" srcset=\"https:\/\/www.campingilmelo.it\/wp-content\/uploads\/2026\/03\/camera-139x300.jpg 139w, https:\/\/www.campingilmelo.it\/wp-content\/uploads\/2026\/03\/camera-473x1024.jpg 473w, https:\/\/www.campingilmelo.it\/wp-content\/uploads\/2026\/03\/camera-768x1663.jpg 768w, https:\/\/www.campingilmelo.it\/wp-content\/uploads\/2026\/03\/camera-709x1536.jpg 709w, https:\/\/www.campingilmelo.it\/wp-content\/uploads\/2026\/03\/camera-946x2048.jpg 946w, https:\/\/www.campingilmelo.it\/wp-content\/uploads\/2026\/03\/camera-scaled.jpg 1182w\" sizes=\"(max-width: 62px) 100vw, 62px\" \/><\/a> <a href=\"http:\/\/www.campingilmelo.it\/wp-content\/uploads\/2019\/03\/girasole-room2.jpg\"><img decoding=\"async\" loading=\"lazy\" class=\"alignnone wp-image-2438\" src=\"http:\/\/www.campingilmelo.it\/wp-content\/uploads\/2019\/03\/girasole-room2-225x300.jpg\" alt=\"\" width=\"92\" height=\"124\" srcset=\"https:\/\/www.campingilmelo.it\/wp-content\/uploads\/2019\/03\/girasole-room2-225x300.jpg 225w, https:\/\/www.campingilmelo.it\/wp-content\/uploads\/2019\/03\/girasole-room2.jpg 280w\" sizes=\"(max-width: 92px) 100vw, 92px\" \/> <\/a><a href=\"http:\/\/www.campingilmelo.it\/wp-content\/uploads\/2024\/02\/girasole-room-1.jpg\"><img decoding=\"async\" loading=\"lazy\" class=\"alignnone  wp-image-3304\" src=\"http:\/\/www.campingilmelo.it\/wp-content\/uploads\/2024\/02\/girasole-room-1.jpg\" alt=\"Girasole 2nd room\" width=\"92\" height=\"123\"><\/a><\/p>\n<p>&nbsp;<\/p>\n\n<table id=\"tablepress-9\" class=\"tablepress tablepress-id-9 tblprezzi2\">\n<thead>\n<tr class=\"row-1 odd\">\n\t<th class=\"column-1\">CARAVAN + CABIN<br \/>\n(APRILE-OTTOBRE)<\/th><th class=\"column-2\">           3 NOTTI<br \/>\n3 nights \/ 3 nuits <\/th><th class=\"column-3\"><\/th><th class=\"column-4\">             7 NOTTI<br \/>\n7 nights \/ 7 nuits<\/th><th class=\"column-5\"><\/th>\n<\/tr>\n<\/thead>\n<tbody class=\"row-hover\">\n<tr class=\"row-2 even\">\n\t<td class=\"column-1\"><\/td><td class=\"column-2\">1\/4-14\/6<br \/>\n1\/9-15\/10<\/td><td class=\"column-3\">15\/6 - 31\/8<\/td><td class=\"column-4\">1\/4-14\/6<br \/>\n1\/9-15\/10<\/td><td class=\"column-5\">15\/6 - 31\/8<\/td>\n<\/tr>\n<tr class=\"row-3 odd\">\n\t<td class=\"column-1\">2 PERSONE <br \/>\n2 persons\/2 personnes<\/td><td class=\"column-2\">\u20ac 110<\/td><td class=\"column-3\">\u20ac 140<\/td><td class=\"column-4\">\u20ac 260<\/td><td class=\"column-5\">\u20ac 330<\/td>\n<\/tr>\n<tr class=\"row-4 even\">\n\t<td class=\"column-1\">PERSONA IN PI\u00d9<br \/>\nextra person<\/td><td class=\"column-2\">\u20ac 24<\/td><td class=\"column-3\">\u20ac 30<\/td><td class=\"column-4\">\u20ac 56<\/td><td class=\"column-5\">\u20ac 70<\/td>\n<\/tr>\n<tr class=\"row-5 odd\">\n\t<td class=\"column-1\">BEB\u00c8 (0-2)<br \/>\nBaby<\/td><td class=\"column-2\">0<\/td><td class=\"column-3\">0<\/td><td class=\"column-4\">0<\/td><td class=\"column-5\">0<\/td>\n<\/tr>\n<tr class=\"row-6 even\">\n\t<td class=\"column-1\">NOTTE SUPPLEMENTARE SU RICHIESTA<br \/>\nadded night on request \/ nuit suppl\u00e9mentaire sur demande<\/td><td class=\"column-2\">+40\/+8<\/td><td class=\"column-3\">+50\/+10<br \/>\n<\/td><td class=\"column-4\">+40\/+8<br \/>\n<\/td><td class=\"column-5\">+50\/+10<br \/>\n<\/td>\n<\/tr>\n<tr class=\"row-7 odd\">\n\t<td class=\"column-1\">ANIMALE<br \/>\npet\/animal<\/td><td class=\"column-2\">18<\/td><td class=\"column-3\">18<\/td><td class=\"column-4\">42<\/td><td class=\"column-5\">42<\/td>\n<\/tr>\n<tr class=\"row-8 even\">\n\t<td class=\"column-1\">CONSUMO ELETTRICITA'<br \/>\nelectricity consumption \/ comsommation \u00e9l\u00e9ctricit\u00e9<\/td><td class=\"column-2\">\u20ac 0,50\/kw <\/td><td class=\"column-3\">\u20ac 0,50\/kw <\/td><td class=\"column-4\">\u20ac 0,50\/kw <\/td><td class=\"column-5\">\u20ac 0,50\/kw <\/td>\n<\/tr>\n<\/tbody>\n<\/table>\n<!-- #tablepress-9 from cache -->\n<p>NIET OPGENOMEN:&nbsp;&nbsp; LAATSTE SCHOONMAAKBEURT (verplicht): \u20ac 10 &#8211; Stroom (\u20ac 0,50\/kw) &#8211; Lakens en linnengoed (<span class=\"text\" lang=\"nl\">niet meegeleverd<\/span>).<\/p>\n<p>&nbsp;<\/p>\n<p><a href=\"http:\/\/www.campingilmelo.it\/wp-content\/uploads\/2015\/05\/rosa-exte.jpg\"><img decoding=\"async\" loading=\"lazy\" class=\"alignnone wp-image-900\" src=\"http:\/\/www.campingilmelo.it\/wp-content\/uploads\/2015\/05\/rosa-exte-174x300.jpg\" alt=\"\" width=\"77\" height=\"133\" srcset=\"https:\/\/www.campingilmelo.it\/wp-content\/uploads\/2015\/05\/rosa-exte-174x300.jpg 174w, https:\/\/www.campingilmelo.it\/wp-content\/uploads\/2015\/05\/rosa-exte-768x1327.jpg 768w, https:\/\/www.campingilmelo.it\/wp-content\/uploads\/2015\/05\/rosa-exte-592x1024.jpg 592w, https:\/\/www.campingilmelo.it\/wp-content\/uploads\/2015\/05\/rosa-exte.jpg 1623w\" sizes=\"(max-width: 77px) 100vw, 77px\" \/><\/a> <a href=\"http:\/\/www.campingilmelo.it\/wp-content\/uploads\/2015\/05\/rosa-caravan.jpg\"><img decoding=\"async\" loading=\"lazy\" class=\"alignnone wp-image-898\" src=\"http:\/\/www.campingilmelo.it\/wp-content\/uploads\/2015\/05\/rosa-caravan-300x257.jpg\" alt=\"\" width=\"155\" height=\"133\" srcset=\"https:\/\/www.campingilmelo.it\/wp-content\/uploads\/2015\/05\/rosa-caravan-300x257.jpg 300w, https:\/\/www.campingilmelo.it\/wp-content\/uploads\/2015\/05\/rosa-caravan-768x659.jpg 768w, https:\/\/www.campingilmelo.it\/wp-content\/uploads\/2015\/05\/rosa-caravan-1024x878.jpg 1024w\" sizes=\"(max-width: 155px) 100vw, 155px\" \/> <\/a><a href=\"http:\/\/www.campingilmelo.it\/wp-content\/uploads\/2024\/02\/1-BAMBOO-CAROVAN-scaled.jpg\"><img decoding=\"async\" loading=\"lazy\" class=\"alignnone  wp-image-3297\" src=\"http:\/\/www.campingilmelo.it\/wp-content\/uploads\/2024\/02\/1-BAMBOO-CAROVAN-169x300.jpg\" alt=\"Bamboo Caravan\" width=\"76\" height=\"135\" srcset=\"https:\/\/www.campingilmelo.it\/wp-content\/uploads\/2024\/02\/1-BAMBOO-CAROVAN-169x300.jpg 169w, https:\/\/www.campingilmelo.it\/wp-content\/uploads\/2024\/02\/1-BAMBOO-CAROVAN-576x1024.jpg 576w, https:\/\/www.campingilmelo.it\/wp-content\/uploads\/2024\/02\/1-BAMBOO-CAROVAN-768x1365.jpg 768w, https:\/\/www.campingilmelo.it\/wp-content\/uploads\/2024\/02\/1-BAMBOO-CAROVAN-864x1536.jpg 864w, https:\/\/www.campingilmelo.it\/wp-content\/uploads\/2024\/02\/1-BAMBOO-CAROVAN-1152x2048.jpg 1152w, https:\/\/www.campingilmelo.it\/wp-content\/uploads\/2024\/02\/1-BAMBOO-CAROVAN-scaled.jpg 1440w\" sizes=\"(max-width: 76px) 100vw, 76px\" \/> <\/a><a href=\"http:\/\/www.campingilmelo.it\/wp-content\/uploads\/2024\/02\/4-bamboo-room.jpg\"><img decoding=\"async\" loading=\"lazy\" class=\"alignnone  wp-image-3298\" src=\"http:\/\/www.campingilmelo.it\/wp-content\/uploads\/2024\/02\/4-bamboo-room-225x300.jpg\" alt=\"bamboo inside\" width=\"102\" height=\"136\" srcset=\"https:\/\/www.campingilmelo.it\/wp-content\/uploads\/2024\/02\/4-bamboo-room-225x300.jpg 225w, https:\/\/www.campingilmelo.it\/wp-content\/uploads\/2024\/02\/4-bamboo-room-768x1024.jpg 768w, https:\/\/www.campingilmelo.it\/wp-content\/uploads\/2024\/02\/4-bamboo-room-1152x1536.jpg 1152w, https:\/\/www.campingilmelo.it\/wp-content\/uploads\/2024\/02\/4-bamboo-room.jpg 1302w\" sizes=\"(max-width: 102px) 100vw, 102px\" \/> <\/a><a href=\"http:\/\/www.campingilmelo.it\/wp-content\/uploads\/2026\/03\/ext-edelweis.jpeg\"><img decoding=\"async\" loading=\"lazy\" class=\"alignnone  wp-image-3589\" src=\"http:\/\/www.campingilmelo.it\/wp-content\/uploads\/2026\/03\/ext-edelweis-139x300.jpeg\" alt=\"\" width=\"63\" height=\"136\" srcset=\"https:\/\/www.campingilmelo.it\/wp-content\/uploads\/2026\/03\/ext-edelweis-139x300.jpeg 139w, https:\/\/www.campingilmelo.it\/wp-content\/uploads\/2026\/03\/ext-edelweis-473x1024.jpeg 473w, https:\/\/www.campingilmelo.it\/wp-content\/uploads\/2026\/03\/ext-edelweis-768x1663.jpeg 768w, https:\/\/www.campingilmelo.it\/wp-content\/uploads\/2026\/03\/ext-edelweis-709x1536.jpeg 709w, https:\/\/www.campingilmelo.it\/wp-content\/uploads\/2026\/03\/ext-edelweis.jpeg 920w\" sizes=\"(max-width: 63px) 100vw, 63px\" \/><\/a> <a href=\"http:\/\/www.campingilmelo.it\/wp-content\/uploads\/2026\/03\/viola-accueil.png\"><img decoding=\"async\" loading=\"lazy\" class=\"alignnone  wp-image-3591\" src=\"http:\/\/www.campingilmelo.it\/wp-content\/uploads\/2026\/03\/viola-accueil-300x208.png\" alt=\"\" width=\"190\" height=\"132\" srcset=\"https:\/\/www.campingilmelo.it\/wp-content\/uploads\/2026\/03\/viola-accueil-300x208.png 300w, https:\/\/www.campingilmelo.it\/wp-content\/uploads\/2026\/03\/viola-accueil-1024x710.png 1024w, https:\/\/www.campingilmelo.it\/wp-content\/uploads\/2026\/03\/viola-accueil-768x533.png 768w, https:\/\/www.campingilmelo.it\/wp-content\/uploads\/2026\/03\/viola-accueil-1536x1065.png 1536w, https:\/\/www.campingilmelo.it\/wp-content\/uploads\/2026\/03\/viola-accueil.png 1840w\" sizes=\"(max-width: 190px) 100vw, 190px\" \/><\/a> <a href=\"http:\/\/www.campingilmelo.it\/wp-content\/uploads\/2026\/03\/viila-terrace-scaled.jpg\"><img decoding=\"async\" loading=\"lazy\" class=\"alignnone  wp-image-3585\" src=\"http:\/\/www.campingilmelo.it\/wp-content\/uploads\/2026\/03\/viila-terrace-154x300.jpg\" alt=\"\" width=\"69\" height=\"135\" srcset=\"https:\/\/www.campingilmelo.it\/wp-content\/uploads\/2026\/03\/viila-terrace-154x300.jpg 154w, https:\/\/www.campingilmelo.it\/wp-content\/uploads\/2026\/03\/viila-terrace-527x1024.jpg 527w, https:\/\/www.campingilmelo.it\/wp-content\/uploads\/2026\/03\/viila-terrace-768x1493.jpg 768w, https:\/\/www.campingilmelo.it\/wp-content\/uploads\/2026\/03\/viila-terrace-790x1536.jpg 790w, https:\/\/www.campingilmelo.it\/wp-content\/uploads\/2026\/03\/viila-terrace-1053x2048.jpg 1053w, https:\/\/www.campingilmelo.it\/wp-content\/uploads\/2026\/03\/viila-terrace-scaled.jpg 1317w\" sizes=\"(max-width: 69px) 100vw, 69px\" \/> <\/a><a href=\"http:\/\/www.campingilmelo.it\/wp-content\/uploads\/2026\/03\/camera-edelweis.jpg\"><img decoding=\"async\" loading=\"lazy\" class=\"alignnone  wp-image-3588\" src=\"http:\/\/www.campingilmelo.it\/wp-content\/uploads\/2026\/03\/camera-edelweis-139x300.jpg\" alt=\"\" width=\"63\" height=\"136\" srcset=\"https:\/\/www.campingilmelo.it\/wp-content\/uploads\/2026\/03\/camera-edelweis-139x300.jpg 139w, https:\/\/www.campingilmelo.it\/wp-content\/uploads\/2026\/03\/camera-edelweis-473x1024.jpg 473w, https:\/\/www.campingilmelo.it\/wp-content\/uploads\/2026\/03\/camera-edelweis-768x1663.jpg 768w, https:\/\/www.campingilmelo.it\/wp-content\/uploads\/2026\/03\/camera-edelweis-709x1536.jpg 709w, https:\/\/www.campingilmelo.it\/wp-content\/uploads\/2026\/03\/camera-edelweis.jpg 920w\" sizes=\"(max-width: 63px) 100vw, 63px\" \/> <\/a><a href=\"http:\/\/www.campingilmelo.it\/wp-content\/uploads\/2026\/03\/viola-room1-scaled.jpg\"><img decoding=\"async\" loading=\"lazy\" class=\"alignnone  wp-image-3586\" src=\"http:\/\/www.campingilmelo.it\/wp-content\/uploads\/2026\/03\/viola-room1-149x300.jpg\" alt=\"\" width=\"65\" height=\"131\" srcset=\"https:\/\/www.campingilmelo.it\/wp-content\/uploads\/2026\/03\/viola-room1-149x300.jpg 149w, https:\/\/www.campingilmelo.it\/wp-content\/uploads\/2026\/03\/viola-room1-509x1024.jpg 509w, https:\/\/www.campingilmelo.it\/wp-content\/uploads\/2026\/03\/viola-room1-768x1545.jpg 768w, https:\/\/www.campingilmelo.it\/wp-content\/uploads\/2026\/03\/viola-room1-764x1536.jpg 764w, https:\/\/www.campingilmelo.it\/wp-content\/uploads\/2026\/03\/viola-room1-1018x2048.jpg 1018w, https:\/\/www.campingilmelo.it\/wp-content\/uploads\/2026\/03\/viola-room1-scaled.jpg 1273w\" sizes=\"(max-width: 65px) 100vw, 65px\" \/><\/a><a href=\"http:\/\/www.campingilmelo.it\/wp-content\/uploads\/2024\/02\/6-bamboo-garden.jpg\">&nbsp;<\/a><\/p>\n","protected":false},"excerpt":{"rendered":"<p>Het dagtarief is geldig tot 12.00 uur op de dag van vertrek. Partnerschappen &nbsp; &nbsp;&nbsp; AANKOMST: vanaf 16.00 uur VERTREK: voor 10.00 uur NIET OPGENOMEN:&nbsp;&nbsp; LAATSTE SCHOONMAAKBEURT (verplicht): \u20ac 10&nbsp; &#8211;&nbsp; Stroom (\u20ac 0,50\/kw) &#8211; Lakens en linnengoed (niet meegeleverd). &nbsp; &nbsp; NIET OPGENOMEN:&nbsp;&nbsp; LAATSTE SCHOONMAAKBEURT (verplicht): \u20ac 10 &#8211; Stroom (\u20ac 0,50\/kw) &#8211; Lakens [&hellip;]<\/p>\n","protected":false},"author":1,"featured_media":0,"parent":0,"menu_order":0,"comment_status":"closed","ping_status":"closed","template":"page-fullwidth.php","meta":{"ngg_post_thumbnail":0},"_links":{"self":[{"href":"https:\/\/www.campingilmelo.it\/nl\/wp-json\/wp\/v2\/pages\/459"}],"collection":[{"href":"https:\/\/www.campingilmelo.it\/nl\/wp-json\/wp\/v2\/pages"}],"about":[{"href":"https:\/\/www.campingilmelo.it\/nl\/wp-json\/wp\/v2\/types\/page"}],"author":[{"embeddable":true,"href":"https:\/\/www.campingilmelo.it\/nl\/wp-json\/wp\/v2\/users\/1"}],"replies":[{"embeddable":true,"href":"https:\/\/www.campingilmelo.it\/nl\/wp-json\/wp\/v2\/comments?post=459"}],"version-history":[{"count":4,"href":"https:\/\/www.campingilmelo.it\/nl\/wp-json\/wp\/v2\/pages\/459\/revisions"}],"predecessor-version":[{"id":3610,"href":"https:\/\/www.campingilmelo.it\/nl\/wp-json\/wp\/v2\/pages\/459\/revisions\/3610"}],"wp:attachment":[{"href":"https:\/\/www.campingilmelo.it\/nl\/wp-json\/wp\/v2\/media?parent=459"}],"curies":[{"name":"wp","href":"https:\/\/api.w.org\/{rel}","templated":true}]}}