{"id":463,"date":"2015-06-16T16:13:43","date_gmt":"2015-06-16T14:13:43","guid":{"rendered":"http:\/\/www.campingilmelo.it\/?page_id=463"},"modified":"2026-03-10T12:02:24","modified_gmt":"2026-03-10T11:02:24","slug":"tarifs","status":"publish","type":"page","link":"https:\/\/www.campingilmelo.it\/fr\/tarifs\/","title":{"rendered":"Tarifs"},"content":{"rendered":"\n<table id=\"tablepress-3\" class=\"tablepress tablepress-id-3 tblprezzi\">\n<thead>\n<tr class=\"row-1 odd\">\n\t<th class=\"column-1\">EMPLACEMENTS<\/th><th class=\"column-2\">1\/1-14\/6   1\/9-31\/12<\/th><th class=\"column-3\">15\/6-31\/8<\/th>\n<\/tr>\n<\/thead>\n<tbody class=\"row-hover\">\n<tr class=\"row-2 even\">\n\t<td class=\"column-1\">ADULTE<\/td><td class=\"column-2\">\u20ac 6<\/td><td class=\"column-3\">\u20ac 7<\/td>\n<\/tr>\n<tr class=\"row-3 odd\">\n\t<td class=\"column-1\">ENFANT DE 3 \u00c0 11 ANS<\/td><td class=\"column-2\">\u20ac 5<\/td><td class=\"column-3\">\u20ac 7<\/td>\n<\/tr>\n<tr class=\"row-4 even\">\n\t<td class=\"column-1\">ENFANT DE 0 \u00c0 2 ANS<\/td><td class=\"column-2\">GRATUIT<\/td><td class=\"column-3\">GRATUIT<\/td>\n<\/tr>\n<tr class=\"row-5 odd\">\n\t<td class=\"column-1\">CARAVANE, CAMPING-CAR, TENTE<\/td><td class=\"column-2\">\u20ac 7<\/td><td class=\"column-3\">\u20ac 8<\/td>\n<\/tr>\n<tr class=\"row-6 even\">\n\t<td class=\"column-1\">TENTE EN PLUS DANS L'EMPLACEMENT<\/td><td class=\"column-2\"><\/td><td class=\"column-3\">\u20ac 5<\/td>\n<\/tr>\n<tr class=\"row-7 odd\">\n\t<td class=\"column-1\">\u00c9LECTRICIT\u00c9<\/td><td class=\"column-2\">\u20ac 4<\/td><td class=\"column-3\">\u20ac 4<\/td>\n<\/tr>\n<tr class=\"row-8 even\">\n\t<td class=\"column-1\">CHIEN<\/td><td class=\"column-2\">\u20ac 3<\/td><td class=\"column-3\">\u20ac 3<\/td>\n<\/tr>\n<tr class=\"row-9 odd\">\n\t<td class=\"column-1\">DOUCHE CHAUDE<\/td><td class=\"column-2\">\u20ac 1<\/td><td class=\"column-3\">\u20ac 1<\/td>\n<\/tr>\n<tr class=\"row-10 even\">\n\t<td class=\"column-1\">LAVE \/ S\u00c8CHE-LINGE<\/td><td class=\"column-2\">\u20ac 4 \/ \u20ac 5<\/td><td class=\"column-3\">\u20ac 4 \/ \u20ac 5<\/td>\n<\/tr>\n<tr class=\"row-11 odd\">\n\t<td class=\"column-1\">ENTR\u00c9E VISITEUR (de 3 ans)<\/td><td class=\"column-2\">\u20ac 3,50<\/td><td class=\"column-3\">\u20ac 5<\/td>\n<\/tr>\n<\/tbody>\n<\/table>\n\n<p>Le tarif pour jour est valable jusqu&#8217;\u00e0 12h00 du jour de d\u00e9part.<\/p>\n<h3>Partenariat<\/h3>\n<h3><a href=\"https:\/\/www.campingcard.fr\/italie\/piemont\/coni\/peveragno\/camping-il-melo-111586\/?_ga=2.30955385.793847311.1519378511-467741748.1464442767\" target=\"_blank\" rel=\"noopener\"><img decoding=\"async\" loading=\"lazy\" class=\"alignnone wp-image-329 \" src=\"http:\/\/www.campingilmelo.it\/wp-content\/uploads\/2015\/05\/camping-card-acsi.png\" alt=\"Camping Card ACSI\" width=\"179\" height=\"81\"><\/a>&nbsp;&nbsp;<a href=\"http:\/\/www.campingilmelo.it\/wp-content\/uploads\/2019\/04\/anwb.jpeg\"><img decoding=\"async\" loading=\"lazy\" class=\"alignnone wp-image-2482\" src=\"http:\/\/www.campingilmelo.it\/wp-content\/uploads\/2019\/04\/anwb.jpeg\" alt=\"\" width=\"68\" height=\"68\" srcset=\"https:\/\/www.campingilmelo.it\/wp-content\/uploads\/2019\/04\/anwb.jpeg 225w, https:\/\/www.campingilmelo.it\/wp-content\/uploads\/2019\/04\/anwb-150x150.jpeg 150w, https:\/\/www.campingilmelo.it\/wp-content\/uploads\/2019\/04\/anwb-60x60.jpeg 60w\" sizes=\"(max-width: 68px) 100vw, 68px\" \/><\/a><a href=\"http:\/\/www.campingilmelo.it\/wp-content\/uploads\/2015\/05\/CKElogo.jpg\" target=\"_blank\" rel=\"noopener\"><img decoding=\"async\" loading=\"lazy\" class=\"alignnone wp-image-886\" src=\"http:\/\/www.campingilmelo.it\/wp-content\/uploads\/2015\/05\/CKElogo.jpg\" alt=\"CKElogo\" width=\"131\" height=\"44\"><\/a> <a href=\"https:\/\/www.pitchup.com\/it\/campsites\/italy\/piemonte\/cuneo\/peveragno\/camping-il-melo\/\" target=\"_blank\" rel=\"noopener\"><img decoding=\"async\" loading=\"lazy\" class=\"alignnone wp-image-904\" src=\"http:\/\/www.campingilmelo.it\/wp-content\/uploads\/2015\/05\/pitchup.jpeg\" alt=\"\" width=\"80\" height=\"80\" srcset=\"https:\/\/www.campingilmelo.it\/wp-content\/uploads\/2015\/05\/pitchup.jpeg 90w, https:\/\/www.campingilmelo.it\/wp-content\/uploads\/2015\/05\/pitchup-60x60.jpeg 60w\" sizes=\"(max-width: 80px) 100vw, 80px\" \/><\/a>&nbsp; <a href=\"https:\/\/www.eurocampings.fr\/italie\/piemont\/coni\/peveragno\/camping-il-melo-111586\/?_ga=2.47188711.1926710900.1519411556-1282150617.1519411556\" target=\"_blank\" rel=\"noopener\"><img decoding=\"async\" loading=\"lazy\" class=\"alignnone wp-image-1212\" src=\"http:\/\/www.campingilmelo.it\/wp-content\/uploads\/2018\/02\/logo-acsi.png\" alt=\"\" width=\"65\" height=\"65\" srcset=\"https:\/\/www.campingilmelo.it\/wp-content\/uploads\/2018\/02\/logo-acsi.png 225w, https:\/\/www.campingilmelo.it\/wp-content\/uploads\/2018\/02\/logo-acsi-150x150.png 150w, https:\/\/www.campingilmelo.it\/wp-content\/uploads\/2018\/02\/logo-acsi-60x60.png 60w\" sizes=\"(max-width: 65px) 100vw, 65px\" \/><\/a>&nbsp; <a href=\"http:\/\/www.campingilmelo.it\/wp-content\/uploads\/2019\/04\/adac.png\"><img decoding=\"async\" loading=\"lazy\" class=\"alignnone wp-image-2483\" src=\"http:\/\/www.campingilmelo.it\/wp-content\/uploads\/2019\/04\/adac.png\" alt=\"\" width=\"67\" height=\"67\" srcset=\"https:\/\/www.campingilmelo.it\/wp-content\/uploads\/2019\/04\/adac.png 128w, https:\/\/www.campingilmelo.it\/wp-content\/uploads\/2019\/04\/adac-60x60.png 60w\" sizes=\"(max-width: 67px) 100vw, 67px\" \/>&nbsp;<\/a><a href=\"https:\/\/svr.nl\/camping\/3399001\" target=\"_blank\" rel=\"noopener\"><img decoding=\"async\" loading=\"lazy\" class=\"alignnone wp-image-2580\" src=\"http:\/\/www.campingilmelo.it\/wp-content\/uploads\/2019\/04\/SVR-LOGO.jpg\" alt=\"\" width=\"88\" height=\"56\"><\/a><a href=\"http:\/\/www.campingilmelo.it\/wp-content\/uploads\/2019\/04\/logo-Pleinairclub-1.png\"><img decoding=\"async\" loading=\"lazy\" class=\"alignnone wp-image-2476\" src=\"http:\/\/www.campingilmelo.it\/wp-content\/uploads\/2019\/04\/logo-Pleinairclub-1-300x300.png\" alt=\"\" width=\"81\" height=\"81\" srcset=\"https:\/\/www.campingilmelo.it\/wp-content\/uploads\/2019\/04\/logo-Pleinairclub-1-300x300.png 300w, https:\/\/www.campingilmelo.it\/wp-content\/uploads\/2019\/04\/logo-Pleinairclub-1-150x150.png 150w, https:\/\/www.campingilmelo.it\/wp-content\/uploads\/2019\/04\/logo-Pleinairclub-1-768x768.png 768w, https:\/\/www.campingilmelo.it\/wp-content\/uploads\/2019\/04\/logo-Pleinairclub-1-60x60.png 60w, https:\/\/www.campingilmelo.it\/wp-content\/uploads\/2019\/04\/logo-Pleinairclub-1.png 800w\" sizes=\"(max-width: 81px) 100vw, 81px\" \/><\/a><a href=\"http:\/\/www.federcampeggio.it\/\" target=\"_blank\" rel=\"noopener\"><img decoding=\"async\" loading=\"lazy\" class=\"alignnone wp-image-332 \" src=\"http:\/\/www.campingilmelo.it\/wp-content\/uploads\/2015\/05\/confederazione-italiana-campeggiatori.png\" alt=\"Confederazione italiana campeggiatori\" width=\"79\" height=\"80\" srcset=\"https:\/\/www.campingilmelo.it\/wp-content\/uploads\/2015\/05\/confederazione-italiana-campeggiatori.png 99w, https:\/\/www.campingilmelo.it\/wp-content\/uploads\/2015\/05\/confederazione-italiana-campeggiatori-60x60.png 60w\" sizes=\"(max-width: 79px) 100vw, 79px\" \/><\/a><a href=\"http:\/\/www.camperclubitaliano.it\/\" target=\"_blank\" rel=\"noopener\"><img decoding=\"async\" loading=\"lazy\" class=\"alignnone wp-image-335 \" src=\"http:\/\/www.campingilmelo.it\/wp-content\/uploads\/2015\/05\/camper-club-italiano.png\" alt=\"Camper club italiano\" width=\"120\" height=\"80\" srcset=\"https:\/\/www.campingilmelo.it\/wp-content\/uploads\/2015\/05\/camper-club-italiano.png 151w, https:\/\/www.campingilmelo.it\/wp-content\/uploads\/2015\/05\/camper-club-italiano-150x100.png 150w\" sizes=\"(max-width: 120px) 100vw, 120px\" \/><\/a><a href=\"http:\/\/www.campingilmelo.it\/wp-content\/uploads\/2015\/05\/associazione-camperisti.png\" target=\"_blank\" rel=\"noopener\"><img decoding=\"async\" loading=\"lazy\" class=\"alignnone wp-image-334\" src=\"http:\/\/www.campingilmelo.it\/wp-content\/uploads\/2015\/05\/associazione-camperisti.png\" alt=\"Associazione italiana camperisti\" width=\"150\" height=\"79\"><\/a>&nbsp;<\/h3>\n\n<table id=\"tablepress-8\" class=\"tablepress tablepress-id-8 tblprezzi2\">\n<thead>\n<tr class=\"row-1 odd\">\n\t<th class=\"column-1\">BUNGALOW <br \/>\n(APRILE-OTTOBRE)<\/th><th colspan=\"2\" class=\"column-2\">           3 NOTTI<br \/>\n3 nights \/ 3 nuits <\/th><th colspan=\"2\" class=\"column-4\">             7 NOTTI<br \/>\n7 nights \/ 7 nuits <\/th>\n<\/tr>\n<\/thead>\n<tbody class=\"row-hover\">\n<tr class=\"row-2 even\">\n\t<td class=\"column-1\"><\/td><td class=\"column-2\">1\/4-14\/6<br \/>\n1\/9-15\/10<\/td><td class=\"column-3\">15\/6- 31\/8<\/td><td class=\"column-4\">1\/4-14\/6<br \/>\n1\/9-15\/10<\/td><td class=\"column-5\">15\/6 - 31\/8<\/td>\n<\/tr>\n<tr class=\"row-3 odd\">\n\t<td class=\"column-1\">2 PERSONE <br \/>\n2 persons\/2 personnes<br \/>\n<\/td><td class=\"column-2\">\u20ac 125<\/td><td class=\"column-3\">\u20ac 170<\/td><td class=\"column-4\">\u20ac 300<\/td><td class=\"column-5\">\u20ac 400<\/td>\n<\/tr>\n<tr class=\"row-4 even\">\n\t<td class=\"column-1\">PERSONA IN PI\u00d9<br \/>\nextra person<\/td><td class=\"column-2\">\u20ac 30<\/td><td class=\"column-3\">\u20ac 45<\/td><td class=\"column-4\">\u20ac 70<\/td><td class=\"column-5\">\u20ac 105<\/td>\n<\/tr>\n<tr class=\"row-5 odd\">\n\t<td class=\"column-1\">BEB\u00c8 (0-2)<br \/>\nBaby<\/td><td class=\"column-2\">0<\/td><td class=\"column-3\">0<\/td><td class=\"column-4\">0<\/td><td class=\"column-5\">0<\/td>\n<\/tr>\n<tr class=\"row-6 even\">\n\t<td class=\"column-1\">NOTTE SUPPLEMENTARE SU RICHIESTA <br \/>\nadded night on request \/ nuit suppl\u00e9mentaire sur demande<\/td><td class=\"column-2\">+45\/+10<br \/>\n<\/td><td class=\"column-3\">+60\/+15<br \/>\n<\/td><td class=\"column-4\">+45\/+10<br \/>\n<\/td><td class=\"column-5\">+60\/+15<br \/>\n<\/td>\n<\/tr>\n<tr class=\"row-7 odd\">\n\t<td class=\"column-1\">ANIMALE da COMPAGNIA<br \/>\npet\/animal<\/td><td class=\"column-2\">\u20ac 18<\/td><td class=\"column-3\">\u20ac 18<\/td><td class=\"column-4\">\u20ac 42<\/td><td class=\"column-5\">\u20ac 42<\/td>\n<\/tr>\n<tr class=\"row-8 even\">\n\t<td class=\"column-1\">CONSUMO ELETTRICITA'<br \/>\nelectricity consumption\/ consommation \u00e9l\u00e9ctricit\u00e9<\/td><td class=\"column-2\">\u20ac 0.50\/kw<\/td><td class=\"column-3\">\u20ac 0.50\/kw <\/td><td class=\"column-4\">\u20ac 0.50\/kw <\/td><td class=\"column-5\">\u20ac 0.50\/kw <\/td>\n<\/tr>\n<\/tbody>\n<\/table>\n\n<p>ARRIV\u00c9E \u00e0 partir de 16h00 D\u00c9PART jusqu&#8217;\u00e0 10h00.<\/p>\n<p>NON INCLUS:&nbsp;&nbsp; NETTOYAGE FINAL (obligatoire): \u20ac 10&nbsp; &#8211;&nbsp; \u00c9lectricit\u00e9 (\u20ac 0,50\/kw)&nbsp; &#8211;&nbsp; Draps, serviettes et torchons (non fournis).<\/p>\n<p>&nbsp;<\/p>\n<p><a href=\"http:\/\/www.campingilmelo.it\/wp-content\/uploads\/2015\/05\/bungalow.jpg\"><img decoding=\"async\" loading=\"lazy\" class=\"alignnone wp-image-894\" src=\"http:\/\/www.campingilmelo.it\/wp-content\/uploads\/2015\/05\/bungalow-300x223.jpg\" alt=\"\" width=\"166\" height=\"123\" srcset=\"https:\/\/www.campingilmelo.it\/wp-content\/uploads\/2015\/05\/bungalow-300x223.jpg 300w, https:\/\/www.campingilmelo.it\/wp-content\/uploads\/2015\/05\/bungalow.jpg 641w\" sizes=\"(max-width: 166px) 100vw, 166px\" \/> <\/a><a href=\"http:\/\/www.campingilmelo.it\/wp-content\/uploads\/2015\/05\/room.jpg\"><img decoding=\"async\" loading=\"lazy\" class=\"alignnone wp-image-899\" src=\"http:\/\/www.campingilmelo.it\/wp-content\/uploads\/2015\/05\/room-300x225.jpg\" alt=\"\" width=\"162\" height=\"121\" srcset=\"https:\/\/www.campingilmelo.it\/wp-content\/uploads\/2015\/05\/room-300x225.jpg 300w, https:\/\/www.campingilmelo.it\/wp-content\/uploads\/2015\/05\/room-768x576.jpg 768w, https:\/\/www.campingilmelo.it\/wp-content\/uploads\/2015\/05\/room.jpg 800w\" sizes=\"(max-width: 162px) 100vw, 162px\" \/> <\/a><a href=\"http:\/\/www.campingilmelo.it\/wp-content\/uploads\/2026\/03\/kitchen-new-2.jpg\"><img decoding=\"async\" loading=\"lazy\" class=\"alignnone  wp-image-3582\" src=\"http:\/\/www.campingilmelo.it\/wp-content\/uploads\/2026\/03\/kitchen-new-2-266x300.jpg\" alt=\"\" width=\"107\" height=\"121\" srcset=\"https:\/\/www.campingilmelo.it\/wp-content\/uploads\/2026\/03\/kitchen-new-2-266x300.jpg 266w, https:\/\/www.campingilmelo.it\/wp-content\/uploads\/2026\/03\/kitchen-new-2-908x1024.jpg 908w, https:\/\/www.campingilmelo.it\/wp-content\/uploads\/2026\/03\/kitchen-new-2-768x867.jpg 768w, https:\/\/www.campingilmelo.it\/wp-content\/uploads\/2026\/03\/kitchen-new-2-1361x1536.jpg 1361w, https:\/\/www.campingilmelo.it\/wp-content\/uploads\/2026\/03\/kitchen-new-2.jpg 1504w\" sizes=\"(max-width: 107px) 100vw, 107px\" \/><\/a> <a href=\"http:\/\/www.campingilmelo.it\/wp-content\/uploads\/2015\/05\/lavanda-.jpg\"><img decoding=\"async\" loading=\"lazy\" class=\"alignnone wp-image-896\" src=\"http:\/\/www.campingilmelo.it\/wp-content\/uploads\/2015\/05\/lavanda--225x300.jpg\" alt=\"\" width=\"91\" height=\"121\" srcset=\"https:\/\/www.campingilmelo.it\/wp-content\/uploads\/2015\/05\/lavanda--225x300.jpg 225w, https:\/\/www.campingilmelo.it\/wp-content\/uploads\/2015\/05\/lavanda--768x1024.jpg 768w, https:\/\/www.campingilmelo.it\/wp-content\/uploads\/2015\/05\/lavanda-.jpg 1920w\" sizes=\"(max-width: 91px) 100vw, 91px\" \/>&nbsp;&nbsp; <\/a><a href=\"http:\/\/www.campingilmelo.it\/wp-content\/uploads\/2019\/03\/lavanda-kitchen.jpg\"><img decoding=\"async\" loading=\"lazy\" class=\"alignnone wp-image-2439\" src=\"http:\/\/www.campingilmelo.it\/wp-content\/uploads\/2019\/03\/lavanda-kitchen-225x300.jpg\" alt=\"\" width=\"92\" height=\"122\" srcset=\"https:\/\/www.campingilmelo.it\/wp-content\/uploads\/2019\/03\/lavanda-kitchen-225x300.jpg 225w, https:\/\/www.campingilmelo.it\/wp-content\/uploads\/2019\/03\/lavanda-kitchen.jpg 280w\" sizes=\"(max-width: 92px) 100vw, 92px\" \/><\/a> <a href=\"http:\/\/www.campingilmelo.it\/wp-content\/uploads\/2019\/03\/girasole-diningroom.jpg\"><img decoding=\"async\" loading=\"lazy\" class=\"alignnone wp-image-2440\" src=\"http:\/\/www.campingilmelo.it\/wp-content\/uploads\/2019\/03\/girasole-diningroom-225x300.jpg\" alt=\"\" width=\"91\" height=\"121\" srcset=\"https:\/\/www.campingilmelo.it\/wp-content\/uploads\/2019\/03\/girasole-diningroom-225x300.jpg 225w, https:\/\/www.campingilmelo.it\/wp-content\/uploads\/2019\/03\/girasole-diningroom.jpg 280w\" sizes=\"(max-width: 91px) 100vw, 91px\" \/><\/a>&nbsp;&nbsp; <a href=\"http:\/\/www.campingilmelo.it\/wp-content\/uploads\/2019\/03\/girasole-room2.jpg\"><img decoding=\"async\" loading=\"lazy\" class=\"alignnone wp-image-2438\" src=\"http:\/\/www.campingilmelo.it\/wp-content\/uploads\/2019\/03\/girasole-room2-225x300.jpg\" alt=\"\" width=\"90\" height=\"120\" srcset=\"https:\/\/www.campingilmelo.it\/wp-content\/uploads\/2019\/03\/girasole-room2-225x300.jpg 225w, https:\/\/www.campingilmelo.it\/wp-content\/uploads\/2019\/03\/girasole-room2.jpg 280w\" sizes=\"(max-width: 90px) 100vw, 90px\" \/><\/a><\/p>\n<p>&nbsp;<\/p>\n\n<table id=\"tablepress-9\" class=\"tablepress tablepress-id-9 tblprezzi2\">\n<thead>\n<tr class=\"row-1 odd\">\n\t<th class=\"column-1\">CARAVAN + CABIN<br \/>\n(APRILE-OTTOBRE)<\/th><th class=\"column-2\">           3 NOTTI<br \/>\n3 nights \/ 3 nuits <\/th><th class=\"column-3\"><\/th><th class=\"column-4\">             7 NOTTI<br \/>\n7 nights \/ 7 nuits<\/th><th class=\"column-5\"><\/th>\n<\/tr>\n<\/thead>\n<tbody class=\"row-hover\">\n<tr class=\"row-2 even\">\n\t<td class=\"column-1\"><\/td><td class=\"column-2\">1\/4-14\/6<br \/>\n1\/9-15\/10<\/td><td class=\"column-3\">15\/6 - 31\/8<\/td><td class=\"column-4\">1\/4-14\/6<br \/>\n1\/9-15\/10<\/td><td class=\"column-5\">15\/6 - 31\/8<\/td>\n<\/tr>\n<tr class=\"row-3 odd\">\n\t<td class=\"column-1\">2 PERSONE <br \/>\n2 persons\/2 personnes<\/td><td class=\"column-2\">\u20ac 110<\/td><td class=\"column-3\">\u20ac 140<\/td><td class=\"column-4\">\u20ac 260<\/td><td class=\"column-5\">\u20ac 330<\/td>\n<\/tr>\n<tr class=\"row-4 even\">\n\t<td class=\"column-1\">PERSONA IN PI\u00d9<br \/>\nextra person<\/td><td class=\"column-2\">\u20ac 24<\/td><td class=\"column-3\">\u20ac 30<\/td><td class=\"column-4\">\u20ac 56<\/td><td class=\"column-5\">\u20ac 70<\/td>\n<\/tr>\n<tr class=\"row-5 odd\">\n\t<td class=\"column-1\">BEB\u00c8 (0-2)<br \/>\nBaby<\/td><td class=\"column-2\">0<\/td><td class=\"column-3\">0<\/td><td class=\"column-4\">0<\/td><td class=\"column-5\">0<\/td>\n<\/tr>\n<tr class=\"row-6 even\">\n\t<td class=\"column-1\">NOTTE SUPPLEMENTARE SU RICHIESTA<br \/>\nadded night on request \/ nuit suppl\u00e9mentaire sur demande<\/td><td class=\"column-2\">+40\/+8<\/td><td class=\"column-3\">+50\/+10<br \/>\n<\/td><td class=\"column-4\">+40\/+8<br \/>\n<\/td><td class=\"column-5\">+50\/+10<br \/>\n<\/td>\n<\/tr>\n<tr class=\"row-7 odd\">\n\t<td class=\"column-1\">ANIMALE<br \/>\npet\/animal<\/td><td class=\"column-2\">18<\/td><td class=\"column-3\">18<\/td><td class=\"column-4\">42<\/td><td class=\"column-5\">42<\/td>\n<\/tr>\n<tr class=\"row-8 even\">\n\t<td class=\"column-1\">CONSUMO ELETTRICITA'<br \/>\nelectricity consumption \/ comsommation \u00e9l\u00e9ctricit\u00e9<\/td><td class=\"column-2\">\u20ac 0,50\/kw <\/td><td class=\"column-3\">\u20ac 0,50\/kw <\/td><td class=\"column-4\">\u20ac 0,50\/kw <\/td><td class=\"column-5\">\u20ac 0,50\/kw <\/td>\n<\/tr>\n<\/tbody>\n<\/table>\n\n<p>ARRIV\u00c9E \u00e0 partir de 16h00 D\u00c9PART jusqu&#8217;\u00e0 10h00.<\/p>\n<p>NON INCLUS:&nbsp;&nbsp; NETTOYAGE FINAL (obligatoire): \u20ac 10&nbsp; &#8211; \u00c9lectricit\u00e9 (\u20ac 0,50\/kw)&nbsp; &#8211;&nbsp; Draps, serviettes et torchons (non fournis).<\/p>\n<p><a href=\"http:\/\/www.campingilmelo.it\/wp-content\/uploads\/2015\/05\/margherita..jpg\">&nbsp;<\/a><a href=\"http:\/\/www.campingilmelo.it\/wp-content\/uploads\/2015\/05\/margherita..jpg\">&nbsp;<\/a> <a href=\"http:\/\/www.campingilmelo.it\/wp-content\/uploads\/2015\/05\/rosa-exte.jpg\"><img decoding=\"async\" loading=\"lazy\" class=\"alignnone wp-image-900\" src=\"http:\/\/www.campingilmelo.it\/wp-content\/uploads\/2015\/05\/rosa-exte-174x300.jpg\" alt=\"\" width=\"77\" height=\"133\" srcset=\"https:\/\/www.campingilmelo.it\/wp-content\/uploads\/2015\/05\/rosa-exte-174x300.jpg 174w, https:\/\/www.campingilmelo.it\/wp-content\/uploads\/2015\/05\/rosa-exte-768x1327.jpg 768w, https:\/\/www.campingilmelo.it\/wp-content\/uploads\/2015\/05\/rosa-exte-592x1024.jpg 592w, https:\/\/www.campingilmelo.it\/wp-content\/uploads\/2015\/05\/rosa-exte.jpg 1623w\" sizes=\"(max-width: 77px) 100vw, 77px\" \/><\/a><a href=\"http:\/\/www.campingilmelo.it\/wp-content\/uploads\/2015\/05\/rosa-caravan.jpg\"> <img decoding=\"async\" loading=\"lazy\" class=\"alignnone wp-image-898\" src=\"http:\/\/www.campingilmelo.it\/wp-content\/uploads\/2015\/05\/rosa-caravan-300x257.jpg\" alt=\"\" width=\"154\" height=\"132\" srcset=\"https:\/\/www.campingilmelo.it\/wp-content\/uploads\/2015\/05\/rosa-caravan-300x257.jpg 300w, https:\/\/www.campingilmelo.it\/wp-content\/uploads\/2015\/05\/rosa-caravan-768x659.jpg 768w, https:\/\/www.campingilmelo.it\/wp-content\/uploads\/2015\/05\/rosa-caravan-1024x878.jpg 1024w\" sizes=\"(max-width: 154px) 100vw, 154px\" \/> <\/a><a href=\"http:\/\/www.campingilmelo.it\/wp-content\/uploads\/2024\/02\/1-BAMBOO-CAROVAN-scaled.jpg\"><img decoding=\"async\" loading=\"lazy\" class=\"alignnone  wp-image-3297\" src=\"http:\/\/www.campingilmelo.it\/wp-content\/uploads\/2024\/02\/1-BAMBOO-CAROVAN-169x300.jpg\" alt=\"Bamboo Caravan\" width=\"76\" height=\"135\" srcset=\"https:\/\/www.campingilmelo.it\/wp-content\/uploads\/2024\/02\/1-BAMBOO-CAROVAN-169x300.jpg 169w, https:\/\/www.campingilmelo.it\/wp-content\/uploads\/2024\/02\/1-BAMBOO-CAROVAN-576x1024.jpg 576w, https:\/\/www.campingilmelo.it\/wp-content\/uploads\/2024\/02\/1-BAMBOO-CAROVAN-768x1365.jpg 768w, https:\/\/www.campingilmelo.it\/wp-content\/uploads\/2024\/02\/1-BAMBOO-CAROVAN-864x1536.jpg 864w, https:\/\/www.campingilmelo.it\/wp-content\/uploads\/2024\/02\/1-BAMBOO-CAROVAN-1152x2048.jpg 1152w, https:\/\/www.campingilmelo.it\/wp-content\/uploads\/2024\/02\/1-BAMBOO-CAROVAN-scaled.jpg 1440w\" sizes=\"(max-width: 76px) 100vw, 76px\" \/> <\/a><a href=\"http:\/\/www.campingilmelo.it\/wp-content\/uploads\/2024\/02\/4-bamboo-room.jpg\"><img decoding=\"async\" loading=\"lazy\" class=\"alignnone  wp-image-3298\" src=\"http:\/\/www.campingilmelo.it\/wp-content\/uploads\/2024\/02\/4-bamboo-room-225x300.jpg\" alt=\"bamboo inside\" width=\"102\" height=\"136\" srcset=\"https:\/\/www.campingilmelo.it\/wp-content\/uploads\/2024\/02\/4-bamboo-room-225x300.jpg 225w, https:\/\/www.campingilmelo.it\/wp-content\/uploads\/2024\/02\/4-bamboo-room-768x1024.jpg 768w, https:\/\/www.campingilmelo.it\/wp-content\/uploads\/2024\/02\/4-bamboo-room-1152x1536.jpg 1152w, https:\/\/www.campingilmelo.it\/wp-content\/uploads\/2024\/02\/4-bamboo-room.jpg 1302w\" sizes=\"(max-width: 102px) 100vw, 102px\" \/> <\/a><a href=\"http:\/\/www.campingilmelo.it\/wp-content\/uploads\/2026\/03\/viola-accueil.png\"><img decoding=\"async\" loading=\"lazy\" class=\"alignnone  wp-image-3591\" src=\"http:\/\/www.campingilmelo.it\/wp-content\/uploads\/2026\/03\/viola-accueil-300x208.png\" alt=\"\" width=\"193\" height=\"134\" srcset=\"https:\/\/www.campingilmelo.it\/wp-content\/uploads\/2026\/03\/viola-accueil-300x208.png 300w, https:\/\/www.campingilmelo.it\/wp-content\/uploads\/2026\/03\/viola-accueil-1024x710.png 1024w, https:\/\/www.campingilmelo.it\/wp-content\/uploads\/2026\/03\/viola-accueil-768x533.png 768w, https:\/\/www.campingilmelo.it\/wp-content\/uploads\/2026\/03\/viola-accueil-1536x1065.png 1536w, https:\/\/www.campingilmelo.it\/wp-content\/uploads\/2026\/03\/viola-accueil.png 1840w\" sizes=\"(max-width: 193px) 100vw, 193px\" \/><\/a> <a href=\"http:\/\/www.campingilmelo.it\/wp-content\/uploads\/2026\/03\/ext-edelweis.jpeg\"><img decoding=\"async\" loading=\"lazy\" class=\"alignnone  wp-image-3589\" src=\"http:\/\/www.campingilmelo.it\/wp-content\/uploads\/2026\/03\/ext-edelweis-139x300.jpeg\" alt=\"\" width=\"64\" height=\"138\" srcset=\"https:\/\/www.campingilmelo.it\/wp-content\/uploads\/2026\/03\/ext-edelweis-139x300.jpeg 139w, https:\/\/www.campingilmelo.it\/wp-content\/uploads\/2026\/03\/ext-edelweis-473x1024.jpeg 473w, https:\/\/www.campingilmelo.it\/wp-content\/uploads\/2026\/03\/ext-edelweis-768x1663.jpeg 768w, https:\/\/www.campingilmelo.it\/wp-content\/uploads\/2026\/03\/ext-edelweis-709x1536.jpeg 709w, https:\/\/www.campingilmelo.it\/wp-content\/uploads\/2026\/03\/ext-edelweis.jpeg 920w\" sizes=\"(max-width: 64px) 100vw, 64px\" \/><\/a> <a href=\"http:\/\/www.campingilmelo.it\/wp-content\/uploads\/2026\/03\/camera-edelweis.jpg\"><img decoding=\"async\" loading=\"lazy\" class=\"alignnone  wp-image-3588\" src=\"http:\/\/www.campingilmelo.it\/wp-content\/uploads\/2026\/03\/camera-edelweis-139x300.jpg\" alt=\"\" width=\"62\" height=\"134\" srcset=\"https:\/\/www.campingilmelo.it\/wp-content\/uploads\/2026\/03\/camera-edelweis-139x300.jpg 139w, https:\/\/www.campingilmelo.it\/wp-content\/uploads\/2026\/03\/camera-edelweis-473x1024.jpg 473w, https:\/\/www.campingilmelo.it\/wp-content\/uploads\/2026\/03\/camera-edelweis-768x1663.jpg 768w, https:\/\/www.campingilmelo.it\/wp-content\/uploads\/2026\/03\/camera-edelweis-709x1536.jpg 709w, https:\/\/www.campingilmelo.it\/wp-content\/uploads\/2026\/03\/camera-edelweis.jpg 920w\" sizes=\"(max-width: 62px) 100vw, 62px\" \/><\/a> <a href=\"http:\/\/www.campingilmelo.it\/wp-content\/uploads\/2026\/03\/viola-room1-scaled.jpg\"><img decoding=\"async\" loading=\"lazy\" class=\"alignnone  wp-image-3586\" src=\"http:\/\/www.campingilmelo.it\/wp-content\/uploads\/2026\/03\/viola-room1-149x300.jpg\" alt=\"\" width=\"66\" height=\"133\" srcset=\"https:\/\/www.campingilmelo.it\/wp-content\/uploads\/2026\/03\/viola-room1-149x300.jpg 149w, https:\/\/www.campingilmelo.it\/wp-content\/uploads\/2026\/03\/viola-room1-509x1024.jpg 509w, https:\/\/www.campingilmelo.it\/wp-content\/uploads\/2026\/03\/viola-room1-768x1545.jpg 768w, https:\/\/www.campingilmelo.it\/wp-content\/uploads\/2026\/03\/viola-room1-764x1536.jpg 764w, https:\/\/www.campingilmelo.it\/wp-content\/uploads\/2026\/03\/viola-room1-1018x2048.jpg 1018w, https:\/\/www.campingilmelo.it\/wp-content\/uploads\/2026\/03\/viola-room1-scaled.jpg 1273w\" sizes=\"(max-width: 66px) 100vw, 66px\" \/><\/a><\/p>\n","protected":false},"excerpt":{"rendered":"<p>Le tarif pour jour est valable jusqu&#8217;\u00e0 12h00 du jour de d\u00e9part. Partenariat &nbsp;&nbsp; &nbsp; &nbsp; &nbsp;&nbsp; ARRIV\u00c9E \u00e0 partir de 16h00 D\u00c9PART jusqu&#8217;\u00e0 10h00. NON INCLUS:&nbsp;&nbsp; NETTOYAGE FINAL (obligatoire): \u20ac 10&nbsp; &#8211;&nbsp; \u00c9lectricit\u00e9 (\u20ac 0,50\/kw)&nbsp; &#8211;&nbsp; Draps, serviettes et torchons (non fournis). &nbsp; &nbsp;&nbsp; &nbsp;&nbsp; &nbsp; ARRIV\u00c9E \u00e0 partir de 16h00 D\u00c9PART jusqu&#8217;\u00e0 10h00. [&hellip;]<\/p>\n","protected":false},"author":1,"featured_media":0,"parent":0,"menu_order":0,"comment_status":"closed","ping_status":"closed","template":"page-fullwidth.php","meta":{"ngg_post_thumbnail":0},"_links":{"self":[{"href":"https:\/\/www.campingilmelo.it\/fr\/wp-json\/wp\/v2\/pages\/463"}],"collection":[{"href":"https:\/\/www.campingilmelo.it\/fr\/wp-json\/wp\/v2\/pages"}],"about":[{"href":"https:\/\/www.campingilmelo.it\/fr\/wp-json\/wp\/v2\/types\/page"}],"author":[{"embeddable":true,"href":"https:\/\/www.campingilmelo.it\/fr\/wp-json\/wp\/v2\/users\/1"}],"replies":[{"embeddable":true,"href":"https:\/\/www.campingilmelo.it\/fr\/wp-json\/wp\/v2\/comments?post=463"}],"version-history":[{"count":3,"href":"https:\/\/www.campingilmelo.it\/fr\/wp-json\/wp\/v2\/pages\/463\/revisions"}],"predecessor-version":[{"id":3605,"href":"https:\/\/www.campingilmelo.it\/fr\/wp-json\/wp\/v2\/pages\/463\/revisions\/3605"}],"wp:attachment":[{"href":"https:\/\/www.campingilmelo.it\/fr\/wp-json\/wp\/v2\/media?parent=463"}],"curies":[{"name":"wp","href":"https:\/\/api.w.org\/{rel}","templated":true}]}}