{"id":1828,"date":"2018-04-18T17:09:27","date_gmt":"2018-04-18T15:09:27","guid":{"rendered":"http:\/\/www.campingilmelo.it\/fr\/ciclismo\/"},"modified":"2019-01-29T12:44:47","modified_gmt":"2019-01-29T11:44:47","slug":"cyclisme","status":"publish","type":"page","link":"https:\/\/www.campingilmelo.it\/fr\/cyclisme\/","title":{"rendered":"2 Roues pour d\u00e9couvrir"},"content":{"rendered":"<p>Dans les vall\u00e9es de Cuneo vous trouverez des structures d\u2019accueil, des entreprises du commerce et des service, des guides cyclotouristiques et des bureaux de tourisme qui participe au \u201cCuneo Bike Experience\u201c, le club de produits qui offre les v\u00e9los \u00e9lectriques (City ou VTT) avec p\u00e9dalage assist\u00e9.<\/p>\n<p>Aussi Camping il Melo prend part au Club !<\/p>\n<p>Ici vous trouverez Reception, Renseignements e Services personnalis\u00e9s pour vos vacances sportives (d\u00e9p\u00f4t v\u00e9los ferm\u00e9; pr\u00e9sence de petit atelier avec kit d&#8217;entretien\/r\u00e9paration v\u00e9los; service de blanchisserie rapide; mat\u00e9riel touristique sp\u00e9cificque pour d\u00e9couvrir en fa\u00e7on facile, amusante et durable)<\/p>\n<p>Venez vivre votre \u00e9motion sur 2 roues, avec nous NATUREllment !<\/p>\n\n<table id=\"tablepress-10\" class=\"tablepress tablepress-id-10\" aria-describedby=\"tablepress-10-description\">\n<thead>\n<tr class=\"row-1 odd\">\n\t<th class=\"column-1\"><\/th><th class=\"column-2\">NOLEGGIO E-BIKE<\/th><th class=\"column-3\">E-BIKE RENTAL<\/th><th class=\"column-4\">E-BIKE VERMIETUNG<\/th><th class=\"column-5\">E-BIKE VERHUUR<\/th><th class=\"column-6\">LOCATION<br \/>\nV\u00c9LO \u00c9L\u00c9CTRIQUE<\/th>\n<\/tr>\n<\/thead>\n<tbody class=\"row-hover\">\n<tr class=\"row-2 even\">\n\t<td class=\"column-1\">   GIORNO \/ DAY<br \/>\n<\/td><td class=\"column-2\">                  1\/2  <\/td><td class=\"column-3\">                    1 <br \/>\n<\/td><td class=\"column-4\">                     2 <br \/>\n<\/td><td class=\"column-5\">                 3<br \/>\n<\/td><td class=\"column-6\">                      4 <br \/>\n  <\/td>\n<\/tr>\n<tr class=\"row-3 odd\">\n\t<td class=\"column-1\">CITY<br \/>\nMTB front<\/td><td class=\"column-2\">                25 \u20ac<\/td><td class=\"column-3\">                 35 \u20ac<\/td><td class=\"column-4\">                 65 \u20ac<\/td><td class=\"column-5\">              90 \u20ac<\/td><td class=\"column-6\">                  110 \u20ac<\/td>\n<\/tr>\n<\/tbody>\n<\/table>\n<span id=\"tablepress-10-description\" class=\"tablepress-table-description tablepress-table-description-id-10\">Inclusi casco e lucchetto \/ Included helmet and lock \/  Casque et cadenas inclus \/ Inbegriffene Helm und Schloss \/ Inbegrepen helm en hangslot<\/span>\n<!-- #tablepress-10 from cache -->\n<p>&nbsp;<\/p>\n<div class=\"ciclismoentra\">\n<div class=\"row\">\n<div class=\"col-sm-6 text-center\">\n<p><a href=\"\/fr\/cyclisme\/routier\/\"><img decoding=\"async\" src=\"\/wp-content\/uploads\/2018\/04\/road2.jpg\"><\/a><\/p>\n<h2 class=\"scritta\">Itin\u00e9raires routiers<\/h2>\n<\/div>\n<div class=\"col-sm-6 text-center\">\n<p><a href=\"\/fr\/cyclisme\/vtt\/\"><img decoding=\"async\" src=\"http:\/\/www.campingilmelo.it\/wp-content\/uploads\/2018\/04\/mtb.jpg\"><\/a><\/p>\n<h2 class=\"scritta\">VTT itin\u00e9raires<\/h2>\n<\/div>\n<\/div>\n<div class=\"row\" style=\"margin-bottom: 30px;\">\n<div class=\"col-sm-6 text-center\">\n<p><a href=\"\/category\/eventi-ciclismo\/\"><img decoding=\"async\" src=\"\/wp-content\/uploads\/2018\/04\/eventi.jpg\"><\/a><\/p>\n<h2 class=\"scritta\">\u00c9v\u00e9nements<\/h2>\n<\/div>\n<div class=\"col-sm-6 text-center\">\n<p><a href=\"http:\/\/www.campingilmelo.it\/fr\/cyclisme\/magasins\/\"><img decoding=\"async\" src=\"\/wp-content\/uploads\/2018\/04\/shops.jpg\"><\/a><\/p>\n<h2 class=\"scritta\">Magasins<\/h2>\n<\/div>\n<\/div>\n<div class=\"row\" style=\"margin-bottom: 30px;\">\n<div class=\"col-sm-6 text-center\">\n<p><a href=\"http:\/\/www.campingilmelo.it\/fr\/cyclisme\/parks\/\"><img decoding=\"async\" src=\"http:\/\/www.campingilmelo.it\/wp-content\/uploads\/2018\/05\/paks.jpg\"><\/a><\/p>\n<h2 class=\"scritta\">Parks<\/h2>\n<\/div>\n<div class=\"col-sm-6 text-center\">\n<p><a href=\"http:\/\/www.campingilmelo.it\/fr\/cyclisme\/bike-guides\/\"><img decoding=\"async\" src=\"http:\/\/www.campingilmelo.it\/wp-content\/uploads\/2018\/05\/guides.jpg\"><\/a><\/p>\n<h2 class=\"scritta\">Guides<\/h2>\n<\/div>\n<\/div>\n<\/div>\n<p><a href=\"https:\/\/www.cuneoalps.it\/index.php\/fr\/sejours-a-theme\/bike-experience\" target=\"_blank\" rel=\"noopener\"><img decoding=\"async\" loading=\"lazy\" class=\"size-full wp-image-2030 aligncenter\" src=\"http:\/\/www.campingilmelo.it\/wp-content\/uploads\/2018\/05\/logobikeexperience.jpg\" alt=\"\" width=\"244\" height=\"163\"><\/a><\/p>\n<p style=\"text-align: center;\"><b>BIKE ROOM <\/b><b>CONITOURS \u2013 Cuneo Bike Experience<\/b><br \/>\nVia Pascal 7 &#8211; 12100 CUNEO<br \/>\nTel +39 0171 698749 \u2013 696206<br \/>\n<a href=\"mailto:info@cuneoalps.it\">info@cuneoalps.it<\/a>&nbsp;&#8211;&nbsp;&nbsp;<a href=\"mailto:bike@cuneoalps.it\">bike@cuneoalps.it<\/a><\/p>\n","protected":false},"excerpt":{"rendered":"<p>Dans les vall\u00e9es de Cuneo vous trouverez des structures d\u2019accueil, des entreprises du commerce et des service, des guides cyclotouristiques et des bureaux de tourisme qui participe au \u201cCuneo Bike Experience\u201c, le club de produits qui offre les v\u00e9los \u00e9lectriques (City ou VTT) avec p\u00e9dalage assist\u00e9. Aussi Camping il Melo prend part au Club ! [&hellip;]<\/p>\n","protected":false},"author":4,"featured_media":0,"parent":0,"menu_order":0,"comment_status":"closed","ping_status":"closed","template":"page-fullwidth.php","meta":{"ngg_post_thumbnail":0},"_links":{"self":[{"href":"https:\/\/www.campingilmelo.it\/fr\/wp-json\/wp\/v2\/pages\/1828"}],"collection":[{"href":"https:\/\/www.campingilmelo.it\/fr\/wp-json\/wp\/v2\/pages"}],"about":[{"href":"https:\/\/www.campingilmelo.it\/fr\/wp-json\/wp\/v2\/types\/page"}],"author":[{"embeddable":true,"href":"https:\/\/www.campingilmelo.it\/fr\/wp-json\/wp\/v2\/users\/4"}],"replies":[{"embeddable":true,"href":"https:\/\/www.campingilmelo.it\/fr\/wp-json\/wp\/v2\/comments?post=1828"}],"version-history":[{"count":4,"href":"https:\/\/www.campingilmelo.it\/fr\/wp-json\/wp\/v2\/pages\/1828\/revisions"}],"predecessor-version":[{"id":2408,"href":"https:\/\/www.campingilmelo.it\/fr\/wp-json\/wp\/v2\/pages\/1828\/revisions\/2408"}],"wp:attachment":[{"href":"https:\/\/www.campingilmelo.it\/fr\/wp-json\/wp\/v2\/media?parent=1828"}],"curies":[{"name":"wp","href":"https:\/\/api.w.org\/{rel}","templated":true}]}}