{"id":1850,"date":"2018-04-18T17:05:47","date_gmt":"2018-04-18T15:05:47","guid":{"rendered":"http:\/\/www.campingilmelo.it\/de\/radfahren\/percorsi-strada\/"},"modified":"2018-05-28T20:47:09","modified_gmt":"2018-05-28T18:47:09","slug":"weg","status":"publish","type":"page","link":"https:\/\/www.campingilmelo.it\/de\/radfahren\/weg\/","title":{"rendered":"Weg Route"},"content":{"rendered":"<div class=\"row\">\n<div class=\"col-md-12\">\n<h3>Suchfilter<\/h3>\n<\/div>\n<div class=\"col-md-4\">\n<h5>Abstand Km<\/h5>\n<div class=\"facetwp-facet facetwp-facet-facet_filtro_distanza facetwp-type-slider\" data-name=\"facet_filtro_distanza\" data-type=\"slider\"><\/div>\n<\/div>\n<div class=\"col-md-4\">\n<h5>Meeresh\u00f6he mt.<\/h5>\n<div class=\"facetwp-facet facetwp-facet-facet_filtro_disliv facetwp-type-slider\" data-name=\"facet_filtro_disliv\" data-type=\"slider\"><\/div>\n<\/div>\n<div class=\"col-md-4\">\n<h5>Schwierigkeit<\/h5>\n<div class=\"facetwp-facet facetwp-facet-facet_filtro_livello facetwp-type-checkboxes\" data-name=\"facet_filtro_livello\" data-type=\"checkboxes\"><\/div>\n<\/div>\n<\/div>\n<hr>\n<div class=\"facetwp-template\" data-name=\"pod_strada_de\">    <div class=\"itinerari-list\">\n        \n\t<div class=\"row\">\n\t\t<div class=\"col-md-12\">\n\t\t<h4><a href=\"https:\/\/www.campingilmelo.it\/de\/itinerario\/cn_18-pianura-oltre-stura\/\">CN_18: PIANURA OLTRE STURA<\/a><\/h4>\n\t\t<\/div>\t\n\t<\/div>\t\n\n\t<div class=\"row\">\n\t\t<div class=\"col-md-3\">\n\t\t\t<a href=\"https:\/\/www.campingilmelo.it\/de\/itinerario\/cn_18-pianura-oltre-stura\/\"><img src=\"<img width=\"150\" height=\"150\" src=\"https:\/\/www.campingilmelo.it\/wp-content\/uploads\/2019\/04\/CN_-18-Ponte-Vassallo-150x150.jpg\" class=\"attachment-thumbnail size-thumbnail wp-post-image\" alt=\"CN_18: PIANURA OLTRE STURA\" decoding=\"async\" loading=\"lazy\" srcset=\"https:\/\/www.campingilmelo.it\/wp-content\/uploads\/2019\/04\/CN_-18-Ponte-Vassallo-150x150.jpg 150w, https:\/\/www.campingilmelo.it\/wp-content\/uploads\/2019\/04\/CN_-18-Ponte-Vassallo-60x60.jpg 60w\" sizes=\"(max-width: 150px) 100vw, 150px\" \/><\/a>\n\t\t<\/div>\t\n\t\t<div class=\"col-md-9\">\n\t\t\t<p><p><strong>Percorso<\/strong>: Cuneo, Caraglio, Busca, Tarantasca <em><a title=\"Logo progetto ReVAL\" href=\"http:\/\/www.parcofluvialegessostura.it\/uploads\/pics\/reval_04.jpg\" rel=\"lightbox[lb23757]\"><img class=\"\" src=\"http:\/\/www.parcofluvialegessostura.it\/typo3temp\/pics\/r_8cee48716b.jpg\" alt=\"Logo progetto ReVAL\" width=\"136\" height=\"44\"><\/a><\/em><\/p>\n<\/p>\n\t\t\t<table style=\"margin: 0 auto;\">\n\t\t\t\t<tbody>\n\t\t\t\t<tr>\n\t\t\t\t\t<td>Abstand: 39 Km<\/td>\n\t\t\t\t\t<td>H\u00f6henunterschied: 250 mt<\/td>\n\t\t\t\t\t<td>Schwierigkeitsgrad: principiante<\/td>\n\t\t\t\t<\/tr>\n\t\t\t\t<\/tbody>\n\t\t\t<\/table>\n\t\t<\/div>\t\n\t<\/div>\t\n    <\/div>\n    <div class=\"itinerari-list\">\n        \n\t<div class=\"row\">\n\t\t<div class=\"col-md-12\">\n\t\t<h4><a href=\"https:\/\/www.campingilmelo.it\/de\/itinerario\/cn_15-intorno-alloasi-di-crava-e-morozzo\/\">CN_15: INTORNO ALL&#8217;OASI DI CRAVA E MOROZZO<\/a><\/h4>\n\t\t<\/div>\t\n\t<\/div>\t\n\n\t<div class=\"row\">\n\t\t<div class=\"col-md-3\">\n\t\t\t<a href=\"https:\/\/www.campingilmelo.it\/de\/itinerario\/cn_15-intorno-alloasi-di-crava-e-morozzo\/\"><img src=\"<img width=\"150\" height=\"150\" src=\"https:\/\/www.campingilmelo.it\/wp-content\/uploads\/2019\/04\/CN_15-Oasi-Crave-e-Morozzo-150x150.jpg\" class=\"attachment-thumbnail size-thumbnail wp-post-image\" alt=\"CN_15: INTORNO ALL&#8217;OASI DI CRAVA E MOROZZO\" decoding=\"async\" loading=\"lazy\" srcset=\"https:\/\/www.campingilmelo.it\/wp-content\/uploads\/2019\/04\/CN_15-Oasi-Crave-e-Morozzo-150x150.jpg 150w, https:\/\/www.campingilmelo.it\/wp-content\/uploads\/2019\/04\/CN_15-Oasi-Crave-e-Morozzo-60x60.jpg 60w\" sizes=\"(max-width: 150px) 100vw, 150px\" \/><\/a>\n\t\t<\/div>\t\n\t\t<div class=\"col-md-9\">\n\t\t\t<p><p><strong>Percorso<\/strong>: Margarita, Morozzo, Mondov\u00ec, Rocca de\u2019 Baldi <em><a title=\"Logo progetto ReVAL\" href=\"http:\/\/www.parcofluvialegessostura.it\/uploads\/pics\/reval_04.jpg\" rel=\"lightbox[lb23757]\"><img class=\"\" src=\"http:\/\/www.parcofluvialegessostura.it\/typo3temp\/pics\/r_8cee48716b.jpg\" alt=\"Logo progetto ReVAL\" width=\"136\" height=\"44\"><\/a><\/em><\/p>\n<\/p>\n\t\t\t<table style=\"margin: 0 auto;\">\n\t\t\t\t<tbody>\n\t\t\t\t<tr>\n\t\t\t\t\t<td>Abstand: 31 Km<\/td>\n\t\t\t\t\t<td>H\u00f6henunterschied: 210 mt<\/td>\n\t\t\t\t\t<td>Schwierigkeitsgrad: principiante<\/td>\n\t\t\t\t<\/tr>\n\t\t\t\t<\/tbody>\n\t\t\t<\/table>\n\t\t<\/div>\t\n\t<\/div>\t\n    <\/div>\n    <div class=\"itinerari-list\">\n        \n\t<div class=\"row\">\n\t\t<div class=\"col-md-12\">\n\t\t<h4><a href=\"https:\/\/www.campingilmelo.it\/de\/itinerario\/frabosa-sottana-prato-nevoso\/\">Frabosa Sottana &#8211; Prato Nevoso<\/a><\/h4>\n\t\t<\/div>\t\n\t<\/div>\t\n\n\t<div class=\"row\">\n\t\t<div class=\"col-md-3\">\n\t\t\t<a href=\"https:\/\/www.campingilmelo.it\/de\/itinerario\/frabosa-sottana-prato-nevoso\/\"><img src=\"<img width=\"150\" height=\"150\" src=\"https:\/\/www.campingilmelo.it\/wp-content\/uploads\/2018\/05\/Schermata-2018-05-03-alle-17.10.12-150x150.jpg\" class=\"attachment-thumbnail size-thumbnail wp-post-image\" alt=\"Frabosa Sottana &#8211; Prato Nevoso\" decoding=\"async\" loading=\"lazy\" srcset=\"https:\/\/www.campingilmelo.it\/wp-content\/uploads\/2018\/05\/Schermata-2018-05-03-alle-17.10.12-150x150.jpg 150w, https:\/\/www.campingilmelo.it\/wp-content\/uploads\/2018\/05\/Schermata-2018-05-03-alle-17.10.12-60x60.jpg 60w\" sizes=\"(max-width: 150px) 100vw, 150px\" \/><\/a>\n\t\t<\/div>\t\n\t\t<div class=\"col-md-9\">\n\t\t\t<p><p>Die Strecke ist zwar nicht \u00fcberm\u00e4\u00dfig lang, weist jedoch einen erheblichen H\u00f6henunterschied auf und ist daher eine Herausforderung.<\/p>\n<\/p>\n\t\t\t<table style=\"margin: 0 auto;\">\n\t\t\t\t<tbody>\n\t\t\t\t<tr>\n\t\t\t\t\t<td>Abstand: 16 Km<\/td>\n\t\t\t\t\t<td>H\u00f6henunterschied: 960 mt<\/td>\n\t\t\t\t\t<td>Schwierigkeitsgrad: Esperto<\/td>\n\t\t\t\t<\/tr>\n\t\t\t\t<\/tbody>\n\t\t\t<\/table>\n\t\t<\/div>\t\n\t<\/div>\t\n    <\/div>\n    <div class=\"itinerari-list\">\n        \n\t<div class=\"row\">\n\t\t<div class=\"col-md-12\">\n\t\t<h4><a href=\"https:\/\/www.campingilmelo.it\/de\/itinerario\/colletto-del-moro\/\">Colletto del Moro<\/a><\/h4>\n\t\t<\/div>\t\n\t<\/div>\t\n\n\t<div class=\"row\">\n\t\t<div class=\"col-md-3\">\n\t\t\t<a href=\"https:\/\/www.campingilmelo.it\/de\/itinerario\/colletto-del-moro\/\"><img src=\"<img width=\"150\" height=\"150\" src=\"https:\/\/www.campingilmelo.it\/wp-content\/uploads\/2018\/05\/moro_gulliver-150x150.jpg\" class=\"attachment-thumbnail size-thumbnail wp-post-image\" alt=\"Colletto del Moro\" decoding=\"async\" loading=\"lazy\" srcset=\"https:\/\/www.campingilmelo.it\/wp-content\/uploads\/2018\/05\/moro_gulliver-150x150.jpg 150w, https:\/\/www.campingilmelo.it\/wp-content\/uploads\/2018\/05\/moro_gulliver-60x60.jpg 60w\" sizes=\"(max-width: 150px) 100vw, 150px\" \/><\/a>\n\t\t<\/div>\t\n\t\t<div class=\"col-md-9\">\n\t\t\t<p><p>Die Route steigt die gegen\u00fcberliegenden Seiten der Wasserscheide hinauf, die Boves von Robilante&#8230;<\/p>\n<\/p>\n\t\t\t<table style=\"margin: 0 auto;\">\n\t\t\t\t<tbody>\n\t\t\t\t<tr>\n\t\t\t\t\t<td>Abstand: 9 Km<\/td>\n\t\t\t\t\t<td>H\u00f6henunterschied: 354 mt<\/td>\n\t\t\t\t\t<td>Schwierigkeitsgrad: Intermedio<\/td>\n\t\t\t\t<\/tr>\n\t\t\t\t<\/tbody>\n\t\t\t<\/table>\n\t\t<\/div>\t\n\t<\/div>\t\n    <\/div>\n<\/div>\n<p><strong>Radfahr mit deinem Kopf !<\/strong> Es ist ratsam, immer die Durchf\u00fchrbarkeit der Route zu \u00fcberpr\u00fcfen, Fahrrad Route auf eigene Gefahr !<\/p>\n","protected":false},"excerpt":{"rendered":"<p>Suchfilter Abstand Km Meeresh\u00f6he mt. Schwierigkeit Radfahr mit deinem Kopf ! Es ist ratsam, immer die Durchf\u00fchrbarkeit der Route zu \u00fcberpr\u00fcfen, Fahrrad Route auf eigene Gefahr !<\/p>\n","protected":false},"author":4,"featured_media":0,"parent":1826,"menu_order":0,"comment_status":"closed","ping_status":"closed","template":"page-fullwidth.php","meta":{"ngg_post_thumbnail":0},"_links":{"self":[{"href":"https:\/\/www.campingilmelo.it\/de\/wp-json\/wp\/v2\/pages\/1850"}],"collection":[{"href":"https:\/\/www.campingilmelo.it\/de\/wp-json\/wp\/v2\/pages"}],"about":[{"href":"https:\/\/www.campingilmelo.it\/de\/wp-json\/wp\/v2\/types\/page"}],"author":[{"embeddable":true,"href":"https:\/\/www.campingilmelo.it\/de\/wp-json\/wp\/v2\/users\/4"}],"replies":[{"embeddable":true,"href":"https:\/\/www.campingilmelo.it\/de\/wp-json\/wp\/v2\/comments?post=1850"}],"version-history":[{"count":4,"href":"https:\/\/www.campingilmelo.it\/de\/wp-json\/wp\/v2\/pages\/1850\/revisions"}],"predecessor-version":[{"id":2133,"href":"https:\/\/www.campingilmelo.it\/de\/wp-json\/wp\/v2\/pages\/1850\/revisions\/2133"}],"up":[{"embeddable":true,"href":"https:\/\/www.campingilmelo.it\/de\/wp-json\/wp\/v2\/pages\/1826"}],"wp:attachment":[{"href":"https:\/\/www.campingilmelo.it\/de\/wp-json\/wp\/v2\/media?parent=1850"}],"curies":[{"name":"wp","href":"https:\/\/api.w.org\/{rel}","templated":true}]}}