{"id":2183,"date":"2018-06-01T18:15:14","date_gmt":"2018-06-01T16:15:14","guid":{"rendered":"http:\/\/www.campingilmelo.it\/nl\/?page_id=2183"},"modified":"2018-06-26T08:38:23","modified_gmt":"2018-06-26T06:38:23","slug":"modulo-prenotazione-caravan","status":"publish","type":"page","link":"http:\/\/www.campingilmelo.it\/nl\/modulo-prenotazione-caravan\/","title":{"rendered":"Caravan mobilhome"},"content":{"rendered":"<form name=\"CalendarFormular\" class=\"easy-calendar easy-box easy-ui  float-full-width calendar-fresh calendar-empty-color\" id=\"CalendarFormular-857\"><\/form><!-- Provided by easyReservations free Wordpress Plugin http:\/\/www.easyreservations.org -->\n<div class=\"easyFrontendFormular\" id=\"easy-form-45048\" style=\"width:100%\"><form method=\"post\" id=\"easyFrontendFormular\" name=\"easyFrontendFormular\" class=\"easy-ui easy-ui-container\"><input type=\"hidden\" name=\"formname\" value=\"caravanen\"><input name=\"easynonce\" type=\"hidden\" value=\"45b8b8f01b\"><input name=\"pricenonce\" type=\"hidden\" value=\"b7fad88d43\">  \n\r\n<div class=\"fprenota\">\n\r\n<input type=\"hidden\" name=\"easyroom\" value=\"1856\">\n\r\n\n\r\n<div class=\"row evidenzia\">\n\r\n\u00a0 <div class=\"col-md-3 col-sm-6\">\n\r\n\u00a0\u00a0\u00a0 <label>Arrival (from 15.00 to 19.00)<br><i>Arriv\u00e9e<\/i><\/label>\n\r\n\u00a0\u00a0\u00a0<div class=\"fixpos\">\n\r\n\u00a0\u00a0\u00a0 <span class=\"input-wrapper\"><input id=\"easy-form-from\" type=\"text\" name=\"from\" value=\"17.04.2026\"  title=\"\" onchange=\"easyreservations_send_price('easy-form-45048');easyreservations_send_validate(false,'easy-form-45048');\"><span class=\"input-box clickable\"><span class=\"fa fa-calendar\"><\/span><\/span><\/span>\n\r\n\u00a0\u00a0\u00a0 <\/div>\n\r\n\u00a0 <\/div>\n\r\n\u00a0 <div class=\"col-md-3  col-sm-6\">\n\r\n\u00a0\u00a0\u00a0 <label>Departure (from 9.00 to 12.00)<br><i>D\u00e9part<\/i><\/label>\n\r\n\u00a0\u00a0 <div class=\"fixpos\">\n\r\n\u00a0\u00a0\u00a0\u00a0<span class=\"input-wrapper\"><input id=\"easy-form-to\" type=\"text\" name=\"to\" value=\"18.04.2026\"  title=\"\" onchange=\"easyreservations_send_price('easy-form-45048');easyreservations_send_validate(false,'easy-form-45048');\"><span class=\"input-box clickable\"><span class=\"fa fa-calendar\"><\/span><\/span><\/span>\n\r\n\u00a0 \u00a0 <\/div> \n\r\n\u00a0 <\/div> \n\r\n\u00a0 <div class=\"col-md-1  col-sm-3\">\n\r\n\u00a0\u00a0\u00a0 <label>Adults<br><i>Adults<\/i><\/label>\n\r\n\u00a0 \u00a0 <span class=\"select\"><select id=\"easy-form-persons\" name=\"persons\"  title=\"\" onchange=\"easyreservations_send_price('easy-form-45048');easyreservations_send_validate(false,'easy-form-45048');\"><option value=\"2\" >2<\/option><option value=\"3\" >3<\/option><option value=\"4\" >4<\/option><option value=\"5\" >5<\/option><option value=\"6\" >6<\/option><\/select><\/span>\n\r\n\u00a0 <\/div>\n\r\n\u00a0 <div class=\"col-md-1 col-sm-3\">\n\r\n\u00a0<\/div>\n\r\n\u00a0 <div class=\"col-md-1 col-sm-3\">\n\r\n\u00a0\u00a0\u00a0 <label>Children*<br><i>Enfants*<\/i><\/label>\n\r\n\u00a0\u00a0\u00a0 <span class=\"select\"><select name=\"childs\"  title=\"\" onchange=\"easyreservations_send_price('easy-form-45048');easyreservations_send_validate(false,'easy-form-45048');\"><option value=\"0\" >0<\/option><option value=\"1\" >1<\/option><option value=\"2\" >2<\/option><option value=\"3\" >3<\/option><option value=\"4\" >4<\/option><\/select><\/span>\n\r\n\u00a0 <\/div>\n\r\n\u00a0<div class=\"col-md-1 col-sm-3\">\n\r\n\u00a0<\/div>\n\r\n\u00a0<div class=\"col-md-1 col-sm-3\">\n\r\n\u00a0\u00a0 <label>Pets<br><i>Animals<\/i><\/label>\n\r\n\u00a0\u00a0 <span class=\"select\"><select name=\"easy-new-custom-18\" id=\"easy-new-custom-18\"  onchange=\"easyreservations_send_price('easy-form-45048');\"><option value=\"1654cffc6d8b8b\">0<\/option><option value=\"2654d00b21644b\">1<\/option><option value=\"3654d00b21646c\">2<\/option><\/select><\/span>\n\r\n\u00a0<\/div>\n\r\n<\/div>\n\r\n\n\r\n<div class=\"row evidenzia bike\">\n\r\n\u00a0 <div class=\"col-md-4 col-sm-6\">\n\r\n\u00a0\u00a0\u00a0\u00a0 <label class=\"fixlabel\">Ebike quantity<br><i>Ebike quantit\u00e9<\/i><\/label>\n\r\n\u00a0\u00a0\u00a0\u00a0 <span class=\"select\"><select name=\"easy-new-custom-17\" id=\"easy-new-custom-17\" ><option value=\"25b2cf4240d610\">0<\/option><option value=\"15b2a0a0c52405\">1<\/option><option value=\"25b2a0a0c524c1\">2<\/option><option value=\"35b2a0a0c530ad\">3<\/option><option value=\"45b2a0a0c532e7\">4<\/option><\/select><\/span>\n\r\n\u00a0 <\/div>\n\r\n\u00a0 <div class=\"col-md-4 col-sm-6\">\n\r\n\u00a0\u00a0\u00a0\u00a0 <label class=\"fixlabel\">Ebike days <br><i>Ebike journ\u00e9es<\/i><\/label>\n\r\n\u00a0\u00a0\u00a0\u00a0 <span class=\"select\"><select name=\"easy-new-custom-16\" id=\"easy-new-custom-16\" ><option value=\"25b2cf410c4039\">0<\/option><option value=\"15b2a0aefdd492\">1<\/option><option value=\"25b2a0aefdd4f4\">2<\/option><option value=\"35b2a0aefdd555\">3<\/option><option value=\"45b2a0aefdd5b3\">4<\/option><option value=\"55b2a0aefdd62b\">5<\/option><\/select><\/span>\n\r\n\u00a0 <\/div>\n\r\n\u00a0 <div class=\"col-md-4 col-sm-6\">\n\r\n\u00a0\u00a0\u00a0\u00a0 <label class=\"fixlabel\">Ebike formula<br><i>Ebike formule<\/i><\/label>\n\r\n\u00a0\u00a0\u00a0\u00a0 <span class=\"select\"><select name=\"easy-new-custom-15\" id=\"easy-new-custom-15\" ><option value=\"15b2a0c93afd81\">1\/2 Day  (25 \u20ac)<\/option><option value=\"25b2a0c93b03f6\">All Day (35 \u20ac)<\/option><\/select><\/span>\n\r\n\u00a0 <\/div>\n\r\n<\/div>\u00a0 \n\r\n\n\r\n\n\r\n<div class=\"row evidenzia opzioni\">\n\r\n\u00a0 <div class=\"col-md-12\">\n\r\n\u00a0\u00a0<ul>\n\r\n\u00a0 \u00a0 \u00a0<li>INCLUDED: Final Cleaning (\u20ac 10)<\/i>;\u00a0<span \r\nclass=\"Y2IQFc\" lang=\"en\">NOT INCLUDED: Electricity, calculated on \r\nconsumption at the end of the stay (\u20ac \r\n0,50\/kw)<\/span><\/i><span class=\"Y2IQFc\" \r\nlang=\"en\">;\u00a0<\/span>Sheets and linen (bring your personal or ask\r\n to rent). <\/i><span class=\"Y2IQFc\" lang=\"en\">\/ <\/li>\n\r\n<i>COMPRIS: Nettoyage final (\u20ac 10); <i><span \r\nclass=\"Y2IQFc\" lang=\"fr\">NON COMPRIS: \u00c9lectricit\u00e9, calcul\u00e9e sur la \r\nconsommation \u00e0 la fin du s\u00e9jour<\/span><span class=\"Y2IQFc\" \r\nlang=\"fr\">\u00a0(\u20ac 0,50\/kw)<\/span><\/i><span class=\"Y2IQFc\" \r\nlang=\"fr\">;<\/span>\u00a0<i>Linge de lit, serviettes et \r\ntorchons (apporte tes personnnels ou demande la location). \r\n<\/i><\/li>\n\r\n\u00a0 \u00a0 \u00a0 <li><\/i>* Children from 3 up to 11 years. Free of \r\ncharge from 0 up to 2 years <\/i> \/ <i>* Enfants\u00a0 de 3 \u00e0 11 \r\nans. Gratuits de 0 \u00e0 2 ans. <\/i><\/li>\n\r\n\u00a0\u00a0\u00a0\u00a0\u00a0 <li>MINIMUM 3 NIGHTS in high season (15.6-31.8) <\/i>\/ \r\n<i>MINIMUM 3 NUITS en haute saison \r\n(15.6-31.8)<\/i><\/li>\n\r\n\u00a0 \u00a0<\/ul>\n\r\n\u00a0<\/div>\n\r\n<\/div>\n\r\n\n\r\n<div class=\"row evidenzia\">\n\r\n\u00a0 <div class=\"col-md-12 topay\">\n\r\n\u00a0\u00a0\u00a0 Total: \n\r\n\u00a0\u00a0\u00a0 <span class=\"easy-form-price\" title=\"\" ><span id=\"showPrice\"><b>0,00 &#8364;<\/b><\/span><\/span>\n\r\n\u00a0 <\/div>\n\r\n<\/div>\n\r\n\n\r\n<div class=\"row\">\n\r\n<p class=\"text-right\"><small><small>THE FINAL PRICE WILL BE CONFIRMED BY E-MAIL. DISCOUNT FOR LONG STAY 3 OR 7 NIGHTS !<\/small><\/small>\n\r\n<br>\n\r\n<small><i><small><i>LE PRIX FINAL SERA CONFIRME' PAR EMAIL. REDUCTION POUR LONG SEJOUR 3 OU 7 NUITS !<\/i><\/small><\/i><\/small>\n\r\n<\/p>\n\r\n<\/p>\n\r\n<\/div>\n\r\n\n\r\n<div class=\"row\">\n\r\n\u00a0 <div class=\"col-md-12\">\n\r\n\u00a0\u00a0\u00a0 <label>Name <i>Nom<\/i><\/label>\n\r\n\u00a0 \u00a0 <input type=\"text\" id=\"easy-form-thename\" name=\"thename\"  value=\"\" title=\"\" onchange=\"easyreservations_send_validate(false,'easy-form-45048');\">\n\r\n\u00a0 <\/div>\n\r\n\n\r\n\u00a0 <div class=\"col-md-6 col-sm-6\">\n\r\n\u00a0\u00a0\u00a0 <label>Email <i>Email<\/i><\/label>\n\r\n\u00a0\u00a0\u00a0<input type=\"text\" id=\"easy-form-email\" name=\"email\"  value=\"\" title=\"\" onchange=\"easyreservations_send_price('easy-form-45048');easyreservations_send_validate(false,'easy-form-45048');\">\n\r\n\u00a0 <\/div>\n\r\n\n\r\n\u00a0 <div class=\"col-md-6 col-sm-6\">\n\r\n\u00a0\u00a0\u00a0 <label>Telephone <i>T\u00e9l\u00e9phone<\/i><\/label>\n\r\n\u00a0\u00a0\u00a0 <input type=\"text\" name=\"easy-new-custom-2\" id=\"easy-new-custom-2\" value=\"\"  onchange=\"easyreservations_send_validate(false,'easy-form-45048');;\">\n\r\n\u00a0 <\/div>\n\r\n\n\r\n\u00a0 <div class=\"col-md-6 col-sm-6\">\n\r\n\u00a0 \u00a0 <label>City <i> Ville<\/i><\/label>\n\r\n\u00a0\u00a0\u00a0 <input title=\"\"  type=\"text\" name=\"easy-custom-City\" id=\"easy-custom-req-City\" onchange=\"easyreservations_send_validate(false,'easy-form-45048');\" value=\"\">\n\r\n\u00a0 <\/div>\n\r\n\n\r\n\u00a0 <div class=\"col-md-6 col-sm-6\">\n\r\n\u00a0\u00a0\u00a0 <label>Country <i>Pays<\/i><\/label>\n\r\n\u00a0\u00a0\u00a0 <span class=\"select\"><select id=\"easy-form-country\" name=\"country\"  title=\"\"><option value=\"AF\">Afghanistan<\/option><option value=\"AL\">Albania<\/option><option value=\"DZ\">Algeria<\/option><option value=\"AS\">American Samoa<\/option><option value=\"AD\">Andorra<\/option><option value=\"AO\">Angola<\/option><option value=\"AI\">Anguilla<\/option><option value=\"AQ\">Antarctica<\/option><option value=\"AG\">Antigua And Barbuda<\/option><option value=\"AR\">Argentina<\/option><option value=\"AM\">Armenia<\/option><option value=\"AW\">Aruba<\/option><option value=\"AU\">Australia<\/option><option value=\"AT\">Austria<\/option><option value=\"AZ\">Azerbaijan<\/option><option value=\"BS\">Bahamas<\/option><option value=\"BH\">Bahrain<\/option><option value=\"BD\">Bangladesh<\/option><option value=\"BB\">Barbados<\/option><option value=\"BY\">Belarus<\/option><option value=\"BE\">Belgium<\/option><option value=\"BZ\">Belize<\/option><option value=\"BJ\">Benin<\/option><option value=\"BM\">Bermuda<\/option><option value=\"BT\">Bhutan<\/option><option value=\"BO\">Bolivia<\/option><option value=\"BA\">Bosnia And Herzegovina<\/option><option value=\"BW\">Botswana<\/option><option value=\"BV\">Bouvet Island<\/option><option value=\"BR\">Brazil<\/option><option value=\"IO\">British Indian Ocean Territory<\/option><option value=\"BN\">Brunei<\/option><option value=\"BG\">Bulgaria<\/option><option value=\"BF\">Burkina Faso<\/option><option value=\"BI\">Burundi<\/option><option value=\"KH\">Cambodia<\/option><option value=\"CM\">Cameroon<\/option><option value=\"CA\">Canada<\/option><option value=\"CV\">Cape Verde<\/option><option value=\"KY\">Cayman Islands<\/option><option value=\"CF\">Central African Republic<\/option><option value=\"TD\">Chad<\/option><option value=\"CL\">Chile<\/option><option value=\"CN\">China<\/option><option value=\"CX\">Christmas Island<\/option><option value=\"CC\">Cocos (Keeling) Islands<\/option><option value=\"CO\">Colombia<\/option><option value=\"KM\">Comoros<\/option><option value=\"CG\">Congo<\/option><option value=\"CK\">Cook Islands<\/option><option value=\"CR\">Costa Rica<\/option><option value=\"CI\">Cote D&#039;Ivorie (Ivory Coast)<\/option><option value=\"HR\">Croatia (Hrvatska)<\/option><option value=\"CU\">Cuba<\/option><option value=\"CY\">Cyprus<\/option><option value=\"CZ\">Czech Republic<\/option><option value=\"CD\">Democratic Republic Of Congo (Zaire)<\/option><option value=\"DK\">Denmark<\/option><option value=\"DJ\">Djibouti<\/option><option value=\"DM\">Dominica<\/option><option value=\"DO\">Dominican Republic<\/option><option value=\"TP\">East Timor<\/option><option value=\"EC\">Ecuador<\/option><option value=\"EG\">Egypt<\/option><option value=\"SV\">El Salvador<\/option><option value=\"GQ\">Equatorial Guinea<\/option><option value=\"ER\">Eritrea<\/option><option value=\"EE\">Estonia<\/option><option value=\"ET\">Ethiopia<\/option><option value=\"FK\">Falkland Islands (Malvinas)<\/option><option value=\"FO\">Faroe Islands<\/option><option value=\"FJ\">Fiji<\/option><option value=\"FI\">Finland<\/option><option value=\"FR\">France<\/option><option value=\"FX\">France, Metropolitan<\/option><option value=\"GF\">French Guinea<\/option><option value=\"PF\">French Polynesia<\/option><option value=\"TF\">French Southern Territories<\/option><option value=\"GA\">Gabon<\/option><option value=\"GM\">Gambia<\/option><option value=\"GE\">Georgia<\/option><option value=\"DE\">Germany<\/option><option value=\"GH\">Ghana<\/option><option value=\"GI\">Gibraltar<\/option><option value=\"GR\">Greece<\/option><option value=\"GL\">Greenland<\/option><option value=\"GD\">Grenada<\/option><option value=\"GP\">Guadeloupe<\/option><option value=\"GU\">Guam<\/option><option value=\"GT\">Guatemala<\/option><option value=\"GN\">Guinea<\/option><option value=\"GW\">Guinea-Bissau<\/option><option value=\"GY\">Guyana<\/option><option value=\"HT\">Haiti<\/option><option value=\"HM\">Heard And McDonald Islands<\/option><option value=\"HN\">Honduras<\/option><option value=\"HK\">Hong Kong<\/option><option value=\"HU\">Hungary<\/option><option value=\"IS\">Iceland<\/option><option value=\"IN\">India<\/option><option value=\"ID\">Indonesia<\/option><option value=\"IR\">Iran<\/option><option value=\"IQ\">Iraq<\/option><option value=\"IE\">Ireland<\/option><option value=\"IL\">Israel<\/option><option value=\"IT\">Italy<\/option><option value=\"JM\">Jamaica<\/option><option value=\"JP\">Japan<\/option><option value=\"JO\">Jordan<\/option><option value=\"KZ\">Kazakhstan<\/option><option value=\"KE\">Kenya<\/option><option value=\"KI\">Kiribati<\/option><option value=\"KW\">Kuwait<\/option><option value=\"KG\">Kyrgyzstan<\/option><option value=\"LA\">Laos<\/option><option value=\"LV\">Latvia<\/option><option value=\"LB\">Lebanon<\/option><option value=\"LS\">Lesotho<\/option><option value=\"LR\">Liberia<\/option><option value=\"LY\">Libya<\/option><option value=\"LI\">Liechtenstein<\/option><option value=\"LT\">Lithuania<\/option><option value=\"LU\">Luxembourg<\/option><option value=\"MO\">Macau<\/option><option value=\"MK\">Macedonia<\/option><option value=\"MG\">Madagascar<\/option><option value=\"MW\">Malawi<\/option><option value=\"MY\">Malaysia<\/option><option value=\"MV\">Maldives<\/option><option value=\"ML\">Mali<\/option><option value=\"MT\">Malta<\/option><option value=\"MH\">Marshall Islands<\/option><option value=\"MQ\">Martinique<\/option><option value=\"MR\">Mauritania<\/option><option value=\"MU\">Mauritius<\/option><option value=\"YT\">Mayotte<\/option><option value=\"MX\">Mexico<\/option><option value=\"FM\">Micronesia<\/option><option value=\"MD\">Moldova<\/option><option value=\"MC\">Monaco<\/option><option value=\"MN\">Mongolia<\/option><option value=\"MS\">Montserrat<\/option><option value=\"MA\">Morocco<\/option><option value=\"MZ\">Mozambique<\/option><option value=\"MM\">Myanmar (Burma)<\/option><option value=\"NA\">Namibia<\/option><option value=\"NR\">Nauru<\/option><option value=\"NP\">Nepal<\/option><option value=\"NL\">Netherlands<\/option><option value=\"AN\">Netherlands Antilles<\/option><option value=\"NC\">New Caledonia<\/option><option value=\"NZ\">New Zealand<\/option><option value=\"NI\">Nicaragua<\/option><option value=\"NE\">Niger<\/option><option value=\"NG\">Nigeria<\/option><option value=\"NU\">Niue<\/option><option value=\"NF\">Norfolk Island<\/option><option value=\"KP\">North Korea<\/option><option value=\"MP\">Northern Mariana Islands<\/option><option value=\"NO\">Norway<\/option><option value=\"OM\">Oman<\/option><option value=\"PK\">Pakistan<\/option><option value=\"PW\">Palau<\/option><option value=\"PA\">Panama<\/option><option value=\"PG\">Papua New Guinea<\/option><option value=\"PY\">Paraguay<\/option><option value=\"PE\">Peru<\/option><option value=\"PH\">Philippines<\/option><option value=\"PN\">Pitcairn<\/option><option value=\"PL\">Poland<\/option><option value=\"PT\">Portugal<\/option><option value=\"PR\">Puerto Rico<\/option><option value=\"QA\">Qatar<\/option><option value=\"RE\">Reunion<\/option><option value=\"RO\">Romania<\/option><option value=\"RU\">Russia<\/option><option value=\"RW\">Rwanda<\/option><option value=\"SH\">Saint Helena<\/option><option value=\"KN\">Saint Kitts And Nevis<\/option><option value=\"LC\">Saint Lucia<\/option><option value=\"PM\">Saint Pierre And Miquelon<\/option><option value=\"VC\">Saint Vincent And The Grenadines<\/option><option value=\"SM\">San Marino<\/option><option value=\"ST\">Sao Tome And Principe<\/option><option value=\"SA\">Saudi Arabia<\/option><option value=\"SN\">Senegal<\/option><option value=\"SC\">Seychelles<\/option><option value=\"SL\">Sierra Leone<\/option><option value=\"SG\">Singapore<\/option><option value=\"SK\">Slovak Republic<\/option><option value=\"SI\">Slovenia<\/option><option value=\"SB\">Solomon Islands<\/option><option value=\"SO\">Somalia<\/option><option value=\"ZA\">South Africa<\/option><option value=\"GS\">South Georgia And South Sandwich Islands<\/option><option value=\"KR\">South Korea<\/option><option value=\"ES\">Spain<\/option><option value=\"LK\">Sri Lanka<\/option><option value=\"SD\">Sudan<\/option><option value=\"SR\">Suriname<\/option><option value=\"SJ\">Svalbard And Jan Mayen<\/option><option value=\"SZ\">Swaziland<\/option><option value=\"SE\">Sweden<\/option><option value=\"CH\">Switzerland<\/option><option value=\"SY\">Syria<\/option><option value=\"TW\">Taiwan<\/option><option value=\"TJ\">Tajikistan<\/option><option value=\"TZ\">Tanzania<\/option><option value=\"TH\">Thailand<\/option><option value=\"TG\">Togo<\/option><option value=\"TK\">Tokelau<\/option><option value=\"TO\">Tonga<\/option><option value=\"TT\">Trinidad And Tobago<\/option><option value=\"TN\">Tunisia<\/option><option value=\"TR\">Turkey<\/option><option value=\"TM\">Turkmenistan<\/option><option value=\"TC\">Turks And Caicos Islands<\/option><option value=\"TV\">Tuvalu<\/option><option value=\"UG\">Uganda<\/option><option value=\"UA\">Ukraine<\/option><option value=\"AE\">United Arab Emirates<\/option><option value=\"UK\">United Kingdom<\/option><option value=\"US\">United States<\/option><option value=\"UM\">United States Minor Outlying Islands<\/option><option value=\"UY\">Uruguay<\/option><option value=\"UZ\">Uzbekistan<\/option><option value=\"VU\">Vanuatu<\/option><option value=\"VA\">Vatican City (Holy See)<\/option><option value=\"VE\">Venezuela<\/option><option value=\"VN\">Vietnam<\/option><option value=\"VG\">Virgin Islands (British)<\/option><option value=\"VI\">Virgin Islands (US)<\/option><option value=\"WF\">Wallis And Futuna Islands<\/option><option value=\"EH\">Western Sahara<\/option><option value=\"WS\">Western Samoa<\/option><option value=\"YE\">Yemen<\/option><option value=\"YU\">Yugoslavia<\/option><option value=\"ZM\">Zambia<\/option><option value=\"ZW\">Zimbabwe<\/option><\/select><\/span>\n\r\n\u00a0 <\/div>\n\r\n\n\r\n\u00a0 <div class=\"col-md-12\">\n\r\n\u00a0\u00a0\u00a0 <label>Notes <i>Notes<\/i><\/label>\n\r\n\u00a0 \u00a0 <textarea title=\"\"  name=\"easy-custom-Message\" id=\"easy-custom--Message\"  value=\"\"><\/textarea>\n\r\n\u00a0 <\/div>\n\r\n\n\r\n\u00a0<div class=\"col-md-12 col-sm-12\">\n\r\n\u00a0\u00a0\u00a0 <label class=\"privacy\">I agree to the privacy therms and conditions shown in the notice <br><i> J'accepte que mes donn\u00e9es personnelles soient trait\u00e9es dans les formes et selon les modalit\u00e9s indiqu\u00e9es <\/i><\/label>\n\r\n\u00a0\u00a0\u00a0 <label class=\"wrapper\"><input type=\"checkbox\" name=\"easy-new-custom-11\" id=\"easy-new-custom-11\" value=\"15b116bf4599fa\"  onchange=\"easyreservations_send_validate(false,'easy-form-45048');;\"><span class=\"input\"><\/span><\/label>\n\r\n\u00a0\u00a0 <\/div>\n\r\n\n\r\n<\/div>\n\r\n<\/div>\n\r\n\n\r\n<div class=\"row\">\n\r\n<div class=\"col-md-12 text-center\">\n\r\n<footer><input type=\"submit\" title=\"\" class=\"easy-button\" value=\"Send\/Envoyer\"  onclick=\"easyreservations_send_validate('send','easy-form-45048'); return false\"><span id=\"easybackbutton\"><\/span><\/footer> \n\r\n<\/div>\n\r\n<\/div>\n\r\n<!-- Provided by easyReservations free Wordpress Plugin http:\/\/www.easyreservations.org --><\/form><\/div>\n","protected":false},"excerpt":{"rendered":"","protected":false},"author":1,"featured_media":0,"parent":0,"menu_order":0,"comment_status":"closed","ping_status":"closed","template":"page-fullwidth.php","meta":{"ngg_post_thumbnail":0},"_links":{"self":[{"href":"http:\/\/www.campingilmelo.it\/nl\/wp-json\/wp\/v2\/pages\/2183"}],"collection":[{"href":"http:\/\/www.campingilmelo.it\/nl\/wp-json\/wp\/v2\/pages"}],"about":[{"href":"http:\/\/www.campingilmelo.it\/nl\/wp-json\/wp\/v2\/types\/page"}],"author":[{"embeddable":true,"href":"http:\/\/www.campingilmelo.it\/nl\/wp-json\/wp\/v2\/users\/1"}],"replies":[{"embeddable":true,"href":"http:\/\/www.campingilmelo.it\/nl\/wp-json\/wp\/v2\/comments?post=2183"}],"version-history":[{"count":4,"href":"http:\/\/www.campingilmelo.it\/nl\/wp-json\/wp\/v2\/pages\/2183\/revisions"}],"predecessor-version":[{"id":2290,"href":"http:\/\/www.campingilmelo.it\/nl\/wp-json\/wp\/v2\/pages\/2183\/revisions\/2290"}],"wp:attachment":[{"href":"http:\/\/www.campingilmelo.it\/nl\/wp-json\/wp\/v2\/media?parent=2183"}],"curies":[{"name":"wp","href":"https:\/\/api.w.org\/{rel}","templated":true}]}}