{"id":398,"date":"2015-06-16T12:57:44","date_gmt":"2015-06-16T10:57:44","guid":{"rendered":"http:\/\/www.campingilmelo.it\/?page_id=398"},"modified":"2026-03-25T18:20:48","modified_gmt":"2026-03-25T17:20:48","slug":"home","status":"publish","type":"page","link":"http:\/\/www.campingilmelo.it\/fr\/","title":{"rendered":"Home"},"content":{"rendered":"<div class=\"oSioSc\">\n<div id=\"tw-target\">\n<h2 style=\"text-align: center;\">\u2767<\/h2>\n<h2 id=\"tw-target-text\" class=\"tw-data-text tw-text-large tw-ta\" dir=\"ltr\" style=\"text-align: center;\" tabindex=\"-1\" role=\"text\" data-placeholder=\"Traduzione\" aria-label=\"Testo tradotto: Nous serons ravis de vous accueillir du 1er avril au 14 mai et du 25 mai \u00e0 l'automne.\" data-ved=\"2ahUKEwihm5ypxLuTAxVS_rsIHRQhItYQ3ewLegQIDBAV\"><span class=\"Y2IQFc\" lang=\"fr\">On vous attend du 1er avril au 14 mai et <\/span><\/h2>\n<h2 class=\"tw-data-text tw-text-large tw-ta\" dir=\"ltr\" style=\"text-align: center;\" tabindex=\"-1\" role=\"text\" data-placeholder=\"Traduzione\" aria-label=\"Testo tradotto: Nous serons ravis de vous accueillir du 1er avril au 14 mai et du 25 mai \u00e0 l'automne.\" data-ved=\"2ahUKEwihm5ypxLuTAxVS_rsIHRQhItYQ3ewLegQIDBAV\"><span class=\"Y2IQFc\" lang=\"fr\">du 25 mai \u00e0 l&#8217;automne !<\/span><\/h2>\n<h2 class=\"tw-data-text tw-text-large tw-ta\" dir=\"ltr\" style=\"text-align: center;\" data-placeholder=\"Traduzione\"><span class=\"Y2IQFc\" lang=\"de\">Renseignements et r\u00e9s\u00e9rvations: <\/span><\/h2>\n<h2 class=\"tw-data-text tw-text-large tw-ta\" dir=\"ltr\" style=\"text-align: center;\" data-placeholder=\"Traduzione\"><span class=\"Y2IQFc\" lang=\"de\">whatsapp +393484604696 ou info@campingilmelo.it<\/span><\/h2>\n<h2 style=\"text-align: center;\">\u2767<\/h2>\n<h2 id=\"kAz1tf\" class=\"g9WsWb\" style=\"text-align: center;\">Il \u00e9tait une fois&#8230;<\/h2>\n<\/div>\n<\/div>\n<p style=\"text-align: center;\">&#8230;un terrain de pommiers sur les collines pr\u00e8s de Cuneo&#8230; aujourd&#8217;hui la m\u00eame hauteur ensoleill\u00e9e abrite Camping Il Melo.<\/p>\n<p style=\"text-align: center;\">Nous vous attendons chez nous, plong\u00e9s dans le vert aux pieds de la montagne Bisalta, \u00e0 deux pas du village de Peveragno reli\u00e9 avec un sentier \u00e0 c\u00f4t\u00e9 du ruisseau. On est aux pieds des Alpes Marittimes, tout pr\u00e8s des collines des Langhe et \u00e0 peu pr\u00e8s une heure de la mer !<\/p>\n<p style=\"text-align: center;\">Randonne, visite, loue un v\u00e9lo \u00e9lectrique, explore et go\u00fbte&#8230;parce que tranquillit\u00e9 et nature, sport ou relax vous souhaitent la bienvenue dans les parcs naturels, les thermes, les villages et les stations de sport d&#8217;hiver.&nbsp;<\/p>\n<p style=\"text-align: center;\">Viens \u00e0 vivre tes vacances vertes pour go\u00fbter les villages et les paysages, les saveurs et les parfumes typiques de nos vall\u00e9es.<\/p>\n","protected":false},"excerpt":{"rendered":"<p>\u2767 On vous attend du 1er avril au 14 mai et du 25 mai \u00e0 l&#8217;automne ! Renseignements et r\u00e9s\u00e9rvations: whatsapp +393484604696 ou info@campingilmelo.it \u2767 Il \u00e9tait une fois&#8230; &#8230;un terrain de pommiers sur les collines pr\u00e8s de Cuneo&#8230; aujourd&#8217;hui la m\u00eame hauteur ensoleill\u00e9e abrite Camping Il Melo. Nous vous attendons chez nous, plong\u00e9s dans [&hellip;]<\/p>\n","protected":false},"author":1,"featured_media":0,"parent":0,"menu_order":0,"comment_status":"closed","ping_status":"closed","template":"page-fullwidth.php","meta":{"ngg_post_thumbnail":0},"_links":{"self":[{"href":"http:\/\/www.campingilmelo.it\/fr\/wp-json\/wp\/v2\/pages\/398"}],"collection":[{"href":"http:\/\/www.campingilmelo.it\/fr\/wp-json\/wp\/v2\/pages"}],"about":[{"href":"http:\/\/www.campingilmelo.it\/fr\/wp-json\/wp\/v2\/types\/page"}],"author":[{"embeddable":true,"href":"http:\/\/www.campingilmelo.it\/fr\/wp-json\/wp\/v2\/users\/1"}],"replies":[{"embeddable":true,"href":"http:\/\/www.campingilmelo.it\/fr\/wp-json\/wp\/v2\/comments?post=398"}],"version-history":[{"count":3,"href":"http:\/\/www.campingilmelo.it\/fr\/wp-json\/wp\/v2\/pages\/398\/revisions"}],"predecessor-version":[{"id":3626,"href":"http:\/\/www.campingilmelo.it\/fr\/wp-json\/wp\/v2\/pages\/398\/revisions\/3626"}],"wp:attachment":[{"href":"http:\/\/www.campingilmelo.it\/fr\/wp-json\/wp\/v2\/media?parent=398"}],"curies":[{"name":"wp","href":"https:\/\/api.w.org\/{rel}","templated":true}]}}