{"id":1838,"date":"2018-04-18T17:06:08","date_gmt":"2018-04-18T15:06:08","guid":{"rendered":"http:\/\/www.campingilmelo.it\/fr\/ciclismo\/percorsi-mtb\/"},"modified":"2018-05-28T20:55:47","modified_gmt":"2018-05-28T18:55:47","slug":"vtt","status":"publish","type":"page","link":"http:\/\/www.campingilmelo.it\/fr\/cyclisme\/vtt\/","title":{"rendered":"VTT itin\u00e9raires"},"content":{"rendered":"<div class=\"row\">\n<div class=\"col-md-12\">\n<h3>Filtre de recherche<\/h3>\n<\/div>\n<div class=\"col-md-4\">\n<h5>Distance Km<\/h5>\n<div class=\"facetwp-facet facetwp-facet-facet_filtro_distanza facetwp-type-slider\" data-name=\"facet_filtro_distanza\" data-type=\"slider\"><\/div>\n<\/div>\n<div class=\"col-md-4\">\n<h5>\u00c9levation mt.<\/h5>\n<div class=\"facetwp-facet facetwp-facet-facet_filtro_disliv facetwp-type-slider\" data-name=\"facet_filtro_disliv\" data-type=\"slider\"><\/div>\n<\/div>\n<div class=\"col-md-4\">\n<h5>Difficult\u00e9<\/h5>\n<div class=\"facetwp-facet facetwp-facet-facet_filtro_livello facetwp-type-checkboxes\" data-name=\"facet_filtro_livello\" data-type=\"checkboxes\"><\/div>\n<\/div>\n<\/div>\n<hr>\n<div class=\"facetwp-template\" data-name=\"pod_mtb\">    <div class=\"itinerari-list\">\n        \n\t<div class=\"row\">\n\t\t<div class=\"col-md-12\">\n\t\t<h4><a href=\"http:\/\/www.campingilmelo.it\/fr\/itinerario\/fontana-cappa\/\">Fontana Cappa<\/a><\/h4>\n\t\t<\/div>\t\n\t<\/div>\t\n\n\t<div class=\"row\">\n\t\t<div class=\"col-md-3\">\n\t\t\t<a href=\"http:\/\/www.campingilmelo.it\/fr\/itinerario\/fontana-cappa\/\"><img src=\"<img width=\"150\" height=\"150\" src=\"http:\/\/www.campingilmelo.it\/wp-content\/uploads\/2018\/04\/cappa-150x150.jpeg\" class=\"attachment-thumbnail size-thumbnail wp-post-image\" alt=\"Fontana Cappa\" decoding=\"async\" loading=\"lazy\" srcset=\"http:\/\/www.campingilmelo.it\/wp-content\/uploads\/2018\/04\/cappa-150x150.jpeg 150w, http:\/\/www.campingilmelo.it\/wp-content\/uploads\/2018\/04\/cappa-60x60.jpeg 60w\" sizes=\"(max-width: 150px) 100vw, 150px\" \/><\/a>\n\t\t<\/div>\t\n\t\t<div class=\"col-md-9\">\n\t\t\t<p><p>L&#8217;itin\u00e9raire se d\u00e9veloppe le long des pentes de la Bisalta, entre Boves et Peveragno.<\/p>\n<\/p>\n\t\t\t<table style=\"margin: 0 auto;\">\n\t\t\t\t<tbody>\n\t\t\t\t<tr>\n\t\t\t\t\t<td>Distanza: 38 Km<\/td>\n\t\t\t\t\t<td>Dislivello: 834 mt<\/td>\n\t\t\t\t\t<td>Livello difficolt\u00e0: Intermedio<\/td>\n\t\t\t\t<\/tr>\n\t\t\t\t<\/tbody>\n\t\t\t<\/table>\n\t\t<\/div>\t\n\t<\/div>\t\n    <\/div>\n    <div class=\"itinerari-list\">\n        \n\t<div class=\"row\">\n\t\t<div class=\"col-md-12\">\n\t\t<h4><a href=\"http:\/\/www.campingilmelo.it\/fr\/itinerario\/malandre\/\">Malandr\u00e8<\/a><\/h4>\n\t\t<\/div>\t\n\t<\/div>\t\n\n\t<div class=\"row\">\n\t\t<div class=\"col-md-3\">\n\t\t\t<a href=\"http:\/\/www.campingilmelo.it\/fr\/itinerario\/malandre\/\"><img src=\"<img width=\"150\" height=\"150\" src=\"http:\/\/www.campingilmelo.it\/wp-content\/uploads\/2018\/04\/malandre\u0300-150x150.jpg\" class=\"attachment-thumbnail size-thumbnail wp-post-image\" alt=\"Malandr\u00e8\" decoding=\"async\" loading=\"lazy\" srcset=\"http:\/\/www.campingilmelo.it\/wp-content\/uploads\/2018\/04\/malandre\u0300-150x150.jpg 150w, http:\/\/www.campingilmelo.it\/wp-content\/uploads\/2018\/04\/malandre\u0300-60x60.jpg 60w\" sizes=\"(max-width: 150px) 100vw, 150px\" \/><\/a>\n\t\t<\/div>\t\n\t\t<div class=\"col-md-9\">\n\t\t\t<p><p>L&#8217;itin\u00e9raire longe la cr\u00eate qui s\u00e9pare Boves de la vall\u00e9e inf\u00e9rieure de Vermenagna.<\/p>\n<\/p>\n\t\t\t<table style=\"margin: 0 auto;\">\n\t\t\t\t<tbody>\n\t\t\t\t<tr>\n\t\t\t\t\t<td>Distanza: 15 Km<\/td>\n\t\t\t\t\t<td>Dislivello: 508 mt<\/td>\n\t\t\t\t\t<td>Livello difficolt\u00e0: Esperto<\/td>\n\t\t\t\t<\/tr>\n\t\t\t\t<\/tbody>\n\t\t\t<\/table>\n\t\t<\/div>\t\n\t<\/div>\t\n    <\/div>\n<\/div>\n<p><strong>P\u00e9dale avec ta t\u00eate!<\/strong> Il est conseill\u00e9 de toujours v\u00e9rifier la praticabilit\u00e9 des routes, en p\u00e9dalant sous leur enti\u00e8re responsabilit\u00e9.<\/p>\n","protected":false},"excerpt":{"rendered":"<p>Filtre de recherche Distance Km \u00c9levation mt. Difficult\u00e9 P\u00e9dale avec ta t\u00eate! Il est conseill\u00e9 de toujours v\u00e9rifier la praticabilit\u00e9 des routes, en p\u00e9dalant sous leur enti\u00e8re responsabilit\u00e9.<\/p>\n","protected":false},"author":4,"featured_media":0,"parent":1828,"menu_order":0,"comment_status":"closed","ping_status":"closed","template":"page-fullwidth.php","meta":{"ngg_post_thumbnail":0},"_links":{"self":[{"href":"http:\/\/www.campingilmelo.it\/fr\/wp-json\/wp\/v2\/pages\/1838"}],"collection":[{"href":"http:\/\/www.campingilmelo.it\/fr\/wp-json\/wp\/v2\/pages"}],"about":[{"href":"http:\/\/www.campingilmelo.it\/fr\/wp-json\/wp\/v2\/types\/page"}],"author":[{"embeddable":true,"href":"http:\/\/www.campingilmelo.it\/fr\/wp-json\/wp\/v2\/users\/4"}],"replies":[{"embeddable":true,"href":"http:\/\/www.campingilmelo.it\/fr\/wp-json\/wp\/v2\/comments?post=1838"}],"version-history":[{"count":4,"href":"http:\/\/www.campingilmelo.it\/fr\/wp-json\/wp\/v2\/pages\/1838\/revisions"}],"predecessor-version":[{"id":2142,"href":"http:\/\/www.campingilmelo.it\/fr\/wp-json\/wp\/v2\/pages\/1838\/revisions\/2142"}],"up":[{"embeddable":true,"href":"http:\/\/www.campingilmelo.it\/fr\/wp-json\/wp\/v2\/pages\/1828"}],"wp:attachment":[{"href":"http:\/\/www.campingilmelo.it\/fr\/wp-json\/wp\/v2\/media?parent=1838"}],"curies":[{"name":"wp","href":"https:\/\/api.w.org\/{rel}","templated":true}]}}