{"id":498,"date":"2015-06-16T17:02:41","date_gmt":"2015-06-16T15:02:41","guid":{"rendered":"http:\/\/www.campingilmelo.it\/?page_id=498"},"modified":"2019-03-25T11:58:11","modified_gmt":"2019-03-25T10:58:11","slug":"about-us","status":"publish","type":"page","link":"http:\/\/www.campingilmelo.it\/en\/about-us\/","title":{"rendered":"Melo&#8217;s friends"},"content":{"rendered":"<h4>Here there are some of our friends and partners, click on the links for more information!<\/h4>\n<h4>&nbsp;&nbsp;&nbsp;&nbsp;&nbsp;&nbsp;&nbsp; &nbsp; &nbsp;&nbsp;<\/h4>\n<h5><a href=\"https:\/\/www.facebook.com\/enjoybisalta\/\">Enjoy Bisalta<\/a><\/h5>\n<p>We deeply believe in the potential of the surroundings of the Bisalta mount, in its beauty and its authenticity. Bisalta is the symbol of the place we call home, and where we want our guests to feel at home.<\/p>\n<h5><a href=\"https:\/\/www.goboony.co.uk\/?_ga=2.115140677.312498808.1553508659-3050526.1547633375&amp;_gac=1.238743220.1553511352.EAIaIQobChMIvd_E4JCd4QIV2PhRCh2IGgugEAAYASAAEgJKH_D_BwE\" target=\"_blank\" rel=\"noopener\">www.goboony.co.uk<\/a><\/h5>\n<p>Everyone deserves to share the freedom of motorhome hire.<\/p>\n<h5><a href=\"https:\/\/www.campingcard.co.uk\/italy\/piedmont\/cuneo\/peveragno\/campsite-il-melo-111586\/?_ga=2.33692774.691783787.1553508845-467741748.1464442767\" target=\"_blank\" rel=\"noopener\">www.campingcardACSI.co.uk<\/a><\/h5>\n<p>camp at favorable price&#8230;<\/p>\n<h5><a href=\"http:\/\/www.zoover.co.uk\/italy\/piedmont\/cuneo\/il-melo-in-peveragno\/campsite\" target=\"_blank\" rel=\"noopener\">www.zoover.co.uk<\/a><\/h5>\n<p>holiday reviews by travellers for travellers<\/p>\n<p>&nbsp;<\/p>\n<h4>About us..<\/h4>\n<h6>06\/2018 &#8211; Aardig jong echtpaar runt deze camping. Wij hebben hier een paar dagen met plezier gestaan. Je kan ook gratis mountainbike meenemen. Cuneo een leuke stad om te bezoeken en voor de sportievelingen veel te doen. Zwembadje is ook leuk, alleen tussen 13.00 en 15.00 uur gesloten.<\/h6>\n<h6>05\/2018 &#8211; sch\u00f6n gelegener Platz mit grossen, gr\u00fcnen Parzellen. Wir waren Anfang Mai hier und waren fast allein auf dem Platz. Wir haben die Ruhe genossen und auch sch\u00f6ne Ausfl\u00fcge mit dem Rad und zu Fuss in die n\u00e4here Umgebung gemacht. Peveragno erreicht man \u00fcber einen sch\u00f6nen Weg Fluss entlang in 15 Min. zu Fu\u00df. Im Ort gibt es einen gut sortierten Supermarkt.<\/h6>\n<h6 class=\"western\">10\/2017 &#8211; <span lang=\"it-IT\">Abbiamo soggiornato nel mese di ottobre, dopo esserci venuti gi\u00e0 qualche anno fa. Era gi\u00e0 un bel posto, ma adesso \u00e8 veramente un bellissimo campeggio, molto curato con ampie piazzole. I servizi sono molto comodi e pulitissimi. Il paese \u00e8 raggiungibile con una piacevole passeggiata nel verde e ha negozi con alimentari di alta qualit\u00e0. In prossimit\u00e0 del campeggio c&#8217;\u00e8 anche un ottima pizzeria. Il paesaggio circostante \u00e8 calmo e rilassante. ottimo per escursioni.In pi\u00f9 la cortesia dei gerenti induce il campeggiatore a fermarsi anche di pi\u00f9 del solito passaggio e non per niente \u00e8 molto frequentato da stranieri.<\/span><\/h6>\n<h6 class=\"western\">08\/2017 &#8211; Abbiamo soggiornato qui una settimana, in tenda. Servizi (wc, doccie, lavatoio) puliti, piazzole pulite, tenute in ordine, ma soprattutto ampie. Gestori molto cordiali e attivi, sia per quanto riguarda l&#8217;intrattenimento dei bambini, che per quello degli adulti. Il campeggio, ha molte convenzioni con i locali del posto. Zona tranquilla, siamo stati proprio bene! Stiamo gi\u00e0 rivalutando di tornare a farvi visita!! A presto, buon lavoro!<\/h6>\n<h6>08\/2017 &#8211;&nbsp; Wij kwamen vanuit Toscane en moesten even wennen aan deze minder toeristische en naar ons gevoel wat lege omgeving, maar wat hebben we het leuk gevonden! De camping wordt voor de helft bezet door vaste plaatsen met voornamelijk Italianen. Het was leuk om mee te krijgen hoe zij siesta houden en elkaar kennen. Ze waren bijzonder vriendelijk, net als de eigenaren. Dat het zwembad (met verplichte badmuts) tijdens de siesta dicht is, is voor ons wennen, maar past bij het land waar je te gast bent. De douches (\u20ac 1,00 voor 6 minuten) zijn klein, maar verder prima. Je kunt lopend naar het dorp waar een Maxidiscount zit voor de dagelijkse boodschappen. Cuneo is een leuke en mooie stad in de omgeving (8 km afstand) om te bezoeken en je kunt naar Mondovi voor een outletcenter. De wandelingen in National Park Alpi Maritim vonden wij geweldig. Er zijn maar 2 korte wandelingen (1.15 uur en 1.45 uur enkele tocht) en het is flink stijgen (400 en 500 meter), maar geeft veel voldoening. Kaart op de camping verkrijgbaar en ook bij Toeristeninformatiecentrum in o.a. Entraque.<\/h6>\n<h6>06\/2017 &#8211; A very pleasant site with good walking access to the local village. Spacious pitch with good views of the mountains. Facilities very clean and plentiful. Well kept small pool which was very inviting. Was intending a one night stop, but stayed for two!<\/h6>\n<h6>06\/2017 &#8211; Wir waren in den Pfingstferien (5-18.Juni 2017) auf dem Campingplatz und haben die Tage sehr genossen .<br \/>\nDer Ort Peveragno ist in 15 Minuten bequem zu Fu\u00df\/mit dem Rad in 5 Minuten zu erreichen. Dort ist von Supermarkt bis Gastronomie und sonstigen Gesch\u00e4ften alles vorhanden.<br \/>\nEinen Tag sind wir ans Meer gefahren (ca 1,5 h) .<br \/>\nDas junge Paar (Campingleitung) ist sehr hilfsbereit und entgegenkommend. Ein gro\u00dfes Kompliment f\u00fcr die Gastfreundschaft. Es ist ein sehr ruhiger Platz &#8211; f\u00fcr erholsame Ferien genau richtig.<br \/>\nNach Cuneo sind es gerade mal 12 km, locker mit dem Rad m\u00f6glich. Cuneo ist nat\u00fcrlich ein Besuch wert. Die T\u00e4ler um Peveragno steigen sehr sanft an. Auch f\u00fcr &#8220;normale&#8221; Radler ein Genuss.<br \/>\nMit den Wanderkarten Nr. 15 und 16 (carta dei sentieri e stradale) hat man den ganzen Bereich um Peveragno abgedeckt. Selten haben wir so lange, sch\u00f6ne, erholsame und einsame Wanderungen gemacht. F\u00fcr jeden Anspruch gibt es ausreichend Ziele.<br \/>\nNat\u00fcrlich ist Anfang Juni noch Nebensaison. Der Platz war nur zur H\u00e4lfte belegt. Die Italiener mit den festen H\u00fctten\/Wohnwagen waren nur vereinzelt da. Insgesamt eine sehr ruhige und entspannte Atmosph\u00e4re. Im Juli, August schaut&#8217;s nat\u00fcrlich anders aus.<br \/>\nWir werden bald wiederkommen, denn wir haben uns sehr wohlgef\u00fchlt und freuen uns auf noch viele weitere Wanderungen und Radltouren.<\/h6>\n<h6>05\/2017 &#8211; We loved the setting, quiet, and peacefulness. Lovely to cycle slong the stream and around the village. Easy to get around in general and good strong wifi. Well sign posted. On six months adventure, and already a favourite.<\/h6>\n<h6>09\/2016 &#8211; Het is een zeer mooie, goed onderhouden en rustige camping. De kampeerplaatsen zijn licht hellend. Het sanitair is prima, veel toiletten en goede betalende douches. Het is er zeer rustig maar het ligt wel bij een sportterrein, dat &#8216;s avonds wel anders kan zijn. De uitbaters zijn vriendelijk en spreken een beetje engels. Maar als je er in september verblijft hou er dan rekening mee dat het zwembad niet meer open gedaan wordt, ook al zijn er nog mooie en zeer zonnige en warme momenten. Wat de uitstappen betreft ben je best goed voorbereid voor je vertrekt, want ter plaatse is er weinig info, nochtans is er een zeer mooi natuurpark in de omgeving.<\/h6>\n<h6>06\/2016 &#8211; Ein wunderbarer kleiner Platz ! Sehr freundliche Platzp\u00e4chter, die gute Infos \u00fcber die Umgebung geben kann. An der Rezeption k\u00f6nnten wir frische Himbeeren g\u00fcnstig bekommen und Honig aus der Umgebung. Auf Bestellung gibt es Brot. Das Dorf ist \u00fcber einen sch\u00f6nen Weg am Bach gut zu erreichen. Die Wandern und Mountainbiken sehr gut in der Umgebung m\u00f6glich. Hatten einen sch\u00f6nen Stellplatz auf Gras mit angenehmen Schatten.<\/h6>\n<h6>06\/2016 &#8211; Im Juni 2016 verbrachten wir 10 Tage auf diesem kleinen und famili\u00e4ren Campingplatz und genossen die Ruhe und die herrliche Landschaft. Il Melo liegt etwas au\u00dferhalb des h\u00fcbschen Dorfes Peveragno und wird geleitet von einem sehr freundlichen und hilfsbereiten Paar. Wir k\u00f6nnen diesen Campingplatz uneingeschr\u00e4nkt empfehlen.<\/h6>\n<h6>08\/2015 &#8211; Camping tr\u00e8s agr\u00e9able et calme r\u00e9ception chaleureuse et en fran\u00e7ais ce qui est sympa Les sanitaires sont correct dommage qu\\&#8217;il faille payer pour eau chaude des douches Les village et les villes autour sont \u00e0 visiter car tr\u00e8s beaux<\/h6>\n<h6>08\/2015 -Il campeggio \u00e8 pulito, ordinato e tranquillo, ideale per un soggiorno riposante in famiglia. Il terreno non \u00e8 perfettamente in piano, ma gli spazi sono ben sistemati e sufficientemente distribuiti. I titolari sono molto cordiali e riservati.<\/h6>\n<h6>08\/2015 -Eenvoudige kleine camping. Ligt rustig. vriendelijke eigenaren. Goed uitgangspunt voor wandelingen in de bergen<\/h6>\n<h6>07\/2015 -zalig rustige camping. de eigenaars doen erg hun best om het iedereen naar hun zin te maken. het is een kleine camping met duidelijke regels. dit zorgt voor rust en orde. het sanitair wordt perfect onderhouden. het zwembad is ideaal voor een verkoeling en fijn voor de kinderen. ook wordt het zwembad perfect onderhouden. Brood kan besteld worden op de camping en kan afgehaald worden aan de receptie. je kan ook zelf naar het dorp rijden voor broodjes het is kortbij en keuze genoeg. ook voor koffie kan je terecht in het dorp. Zeker de moeite waard voor mensen die een rustige camping zoeken.<\/h6>\n<h6>06\/2015 &#8211; Erg leuke camping in een prachtige omgeving. Dicht bij mooie bergwandel gebied. Ook het &#8220;vlakke&#8221; deel van Piemonte is mooi.&nbsp; Zeer vriendelijk personeel. Een aanrader.<\/h6>\n<h6>05\/2015 &#8211; Access to site was steep and not particularly suited to large caravans but not too difficult. It was mostly quiet but there seemed to be a number of donkeys and a dog kennels somewhere in the vicinity which resulted in a right old rumpus at times. The young lady at reception was very friendly and helpful. A good stopover on our way south.<\/h6>\n<h6>05\/2015 &#8211; Very friendly and helpfull, young owners. There is good well signed walking nearby also historical worth visiting.<\/h6>\n<h6>08\/2014 -Hele leuke, nette, kleine mooie camping in een hele mooie niet toeristische omgeving. Je kunt er bijzonder mooi wandelen, hele mooie leuke dorpjes en steden in de omgeving; het echte Itali\u00eb. Net buiten de camping stroomt een klein riviertje waar de honden verkoeling kunnen vinden. We hebben hier 2 weken gestaan i.p.v. een paar dagen wat we eigenlijk gepland hadden, er is zoveel te doen en te zien in de omgeving en heerlijk terug komen op deze heerlijke camping na een wandeling of wat dan ook.<\/h6>\n<h6>06\/2014 &#8211; Een heel fijne, nette camping, met erg enthousiaste eigenaren die je van alles kunnen en willen vertellen over de prachtige omgeving. Bergen, zee, je zit overal dichtbij. En op loopafstand het leuke dorpje Peveragno.<\/h6>\n<h6>06\/2014 &#8211; Ein kleiner aber sehr sch\u00f6ner Campingplatz in Piermont. Dieser wird liebevoll vom Personal gef\u00fchrt und f\u00fchlt sich als Gast herzlich willkommen. F\u00fcr Motorradfahrer wie uns ein Traum, da zahlreiche Touren in die Seealpen von dort gestartet werden k\u00f6nnen. Die Rezeption h\u00e4lt kostenlos Karten (auch in Deutsch) f\u00fcr Touren bereit. Der Stellplatz war gro\u00dfz\u00fcgig bemessen und reichte f\u00fcr Wohnmobil, Trailer und Motorr\u00e4der aus. Der Ort ist gut fu\u00dfl\u00e4ufig zu erreichen und es besteht eine gute Linienbusverbindung nach Cuneo (15 Minuten Fahrzeit). Wir werden diesen Platz sicherlich in der Zukunft nochmals besuchen.<\/h6>\n<h6>06\/2014 &#8211; Fijne camping, goed sanitair. Niet superluxe maar alles wat je nodig hebt is aanwezig. De beheerders doen er alles aan om het je naar de zin te maken en hebben veel tips voor een interessant en prettig verblijf. Het dorp (10 minuten te voet) Peveragno is schattig. Daar (of in de sportkantine op 5 minuten lopen) kan je het kopje koffie krijgen dat je op de camping misschien mist omdat er geen bar of restaurant is. Voor ons was het geen enkel probleem en we hebben het er erg naar ons zin gehad.<\/h6>\n<h6>06\/2014 &#8211; A really nice site set in pleasant countryside, with riverside path to village with shops, PO etc. (circa 10 mins walk). Sanitary facilities are clean &amp; plentiful &#8211; note 1 hot shower per person per day included in Acsi rate (pre-loaded on electronic \u2018keys\u2019) Friendly &amp; helpful staff; free wi-fi at reception. Recommended.<\/h6>\n<h6>05\/2014 &#8211; Prachtige omgeving, goed onderhouden faciliteiten en uitgebaat door een zeer vriendelijk en hulpvaardig koppel.<\/h6>\n<h6>08\/2013 &#8211; Voor de kampeerder die gesteld is op rust, hygiene en natuur is dit een ideale plek. Staplaatsen gemiddeld groot, zowel vlak als op helling. Met name de vriendelijkheid en servicegerichtheid hebben we als zeer verfrissend ervaren. En je kunt er met Engels terecht. Een aanrader!<\/h6>\n<h6>08\/2013 -Hoewel het voor de zeer vriendelijke eigenaren van de camping leuk zou zijn, als het in augustus wat voller was op de camping, hebben wij genoten van deze rustige plek. De camping is super verzorgd. Het sanitair is zeer schoon en prettig te om te gebruiken. Het zwembad is klein, maar ook lekker schoon. Een prettige ervaring. De camping is klein. Er is geen restaurant of winkel. Op het sportpark is een pizzeria, 3 minuten lopen vanaf de camping. Wij hebben geen overlast gehad van het sportpark. Camping Il Melo is een heerlijke plek, die wij zeker kunnen aanraden!<\/h6>\n<h6>04\/2013 -sch\u00f6ner ruhiger Platz nette Besitzer sehr gut geeignet zur Weiterreise \u00fcber den Tende Pass nach Frankreich.<\/h6>\n<h6>08\/2012 &#8211; &#8220;Un piccolo gioiellino&#8221;: Non capisco i commenti negativi. Io ci sono gia&#8217; stato 4 volte e mi sono trovato bene. L&#8217;accoglienza e&#8217; molto cordiale, le piazzole molto spaziose e ben distanziate.Molto pulito e niente polvere e molto curato in generale. Non c&#8217;e&#8217; ne ristorante ne bar, ma si trovano entrambi nel complesso sportivo a circa 200 metri ( a fianco del campeggio ). Per me e mia moglie e la nostra cagnolina tranquille passeggiate all&#8217;ombra di alti pini. Il paese di Peveragno si raggiunge in circa 10 minuti con un sentiero lungo il torrente. E li si trova di tutto<\/h6>\n<h6>07\/2012 &#8211; Zeer aardige eigenaren. Jammer dat er geen klein winkeltje op de camping is. Omgeving is prachtig en niet toeristisch.<\/h6>\n<h6>05\/2012 &#8211; &#8220;Molto bello&#8221;: Ho voluto provare nonostante il giudizio negativo letto in precedenza. Ho trovato un camping che potrei definire un &#8220;gioiellino&#8221;. La gestione \u00e9 cambiata e l&#8217;attuale \u00e8 diretta da una signora molto gentile e garbatissima. La zona camper non \u00e8 molto&nbsp; grande ma le piazzole si, con molto verde tutt&#8217;intorno. Sono in corso lavori di ampliamento per una nuova zona camper. Ci torner\u00f2 sicuramente. (da www.tripadvisor.it )<\/h6>\n","protected":false},"excerpt":{"rendered":"<p>Here there are some of our friends and partners, click on the links for more information! &nbsp;&nbsp;&nbsp;&nbsp;&nbsp;&nbsp;&nbsp; &nbsp; &nbsp;&nbsp; Enjoy Bisalta We deeply believe in the potential of the surroundings of the Bisalta mount, in its beauty and its authenticity. Bisalta is the symbol of the place we call home, and where we want our [&hellip;]<\/p>\n","protected":false},"author":1,"featured_media":0,"parent":0,"menu_order":0,"comment_status":"closed","ping_status":"closed","template":"page-fullwidth.php","meta":{"ngg_post_thumbnail":0},"_links":{"self":[{"href":"http:\/\/www.campingilmelo.it\/en\/wp-json\/wp\/v2\/pages\/498"}],"collection":[{"href":"http:\/\/www.campingilmelo.it\/en\/wp-json\/wp\/v2\/pages"}],"about":[{"href":"http:\/\/www.campingilmelo.it\/en\/wp-json\/wp\/v2\/types\/page"}],"author":[{"embeddable":true,"href":"http:\/\/www.campingilmelo.it\/en\/wp-json\/wp\/v2\/users\/1"}],"replies":[{"embeddable":true,"href":"http:\/\/www.campingilmelo.it\/en\/wp-json\/wp\/v2\/comments?post=498"}],"version-history":[{"count":4,"href":"http:\/\/www.campingilmelo.it\/en\/wp-json\/wp\/v2\/pages\/498\/revisions"}],"predecessor-version":[{"id":2465,"href":"http:\/\/www.campingilmelo.it\/en\/wp-json\/wp\/v2\/pages\/498\/revisions\/2465"}],"wp:attachment":[{"href":"http:\/\/www.campingilmelo.it\/en\/wp-json\/wp\/v2\/media?parent=498"}],"curies":[{"name":"wp","href":"https:\/\/api.w.org\/{rel}","templated":true}]}}