{"id":402,"date":"2015-06-16T12:59:49","date_gmt":"2015-06-16T10:59:49","guid":{"rendered":"http:\/\/www.campingilmelo.it\/?page_id=402"},"modified":"2026-03-25T18:23:56","modified_gmt":"2026-03-25T17:23:56","slug":"home","status":"publish","type":"page","link":"http:\/\/www.campingilmelo.it\/de\/","title":{"rendered":"Home"},"content":{"rendered":"<div class=\"oSioSc\">\n<div id=\"tw-target\">\n<div id=\"kAz1tf\" class=\"g9WsWb\">\n<h3 style=\"text-align: center;\">\u2767<\/h3>\n<h2 class=\"western\" align=\"center\"><span lang=\"de-DE\">Erwarten wir Sie vom 1 April bis 14 Mai und<\/span><\/h2>\n<h2 class=\"western\" align=\"center\">vom 25 Mai bis Herbst !<\/h2>\n<h2 class=\"western\" align=\"center\">Infos und Reservierungen:<\/h2>\n<h2 dir=\"ltr\" style=\"text-align: center;\" data-placeholder=\"Traduzione\"><span class=\"text\"> whatsapp +393484604696 oder info@campingilmelo.it !<\/span><\/h2>\n<h2 dir=\"ltr\" style=\"text-align: center;\" data-placeholder=\"Traduzione\">&nbsp;\u2767<\/h2>\n<\/div>\n<\/div>\n<\/div>\n<h2 style=\"text-align: center;\">Es war einmal ein Feld von&#8230;<\/h2>\n<p style=\"text-align: center;\">&#8230;Apfelb\u00e4umen in den H\u00fcgeln Cuneos&#8230;der heutige <strong>Camping Il Melo <\/strong>liegt auf einer sonnigen und bezaubernden Anh\u00f6he.<\/p>\n<p style=\"text-align: center;\">Es ist perfekt in die umliegende Umgebung eingef\u00fcgt, liegt in einer H\u00f6he von 640 Metern, zu F\u00fc\u00dfen des Berges Bisalta und befindet sich nur wenige Schritte von der Stadt Peveragno entfernt. Wir begr\u00fc\u00dfen Sie in der N\u00e4he der Berge Alpi Marittime, nicht weit von den Langhe H\u00fcgeln und etwa eine Stunde vom Meer entfernt !<\/p>\n<p style=\"text-align: center;\">Vermiete E-bike oder Mountainbike, wandere, besuche, entdecke und schmecke&#8230;<\/p>\n<p style=\"text-align: center;\">Ruhe und Natur, Sport oder Relax warten Sie mit die Naturparks, die Thermalb\u00e4der, die St\u00e4dten und die Skilaufstationen.<\/p>\n<p style=\"text-align: center;\">Kommen zu genie\u00dfen Ihren gr\u00fcnen Urlaub <span id=\"result_box\" lang=\"de\"><span class=\"hps\">in den Genuss <\/span><span class=\"hps\">der Landschaften und Aromen von Cuneo T\u00e4ler.<\/span><\/span><\/p>\n","protected":false},"excerpt":{"rendered":"<p>\u2767 Erwarten wir Sie vom 1 April bis 14 Mai und vom 25 Mai bis Herbst ! Infos und Reservierungen: whatsapp +393484604696 oder info@campingilmelo.it ! &nbsp;\u2767 Es war einmal ein Feld von&#8230; &#8230;Apfelb\u00e4umen in den H\u00fcgeln Cuneos&#8230;der heutige Camping Il Melo liegt auf einer sonnigen und bezaubernden Anh\u00f6he. Es ist perfekt in die umliegende Umgebung [&hellip;]<\/p>\n","protected":false},"author":1,"featured_media":0,"parent":0,"menu_order":0,"comment_status":"closed","ping_status":"closed","template":"page-fullwidth.php","meta":{"ngg_post_thumbnail":0},"_links":{"self":[{"href":"http:\/\/www.campingilmelo.it\/de\/wp-json\/wp\/v2\/pages\/402"}],"collection":[{"href":"http:\/\/www.campingilmelo.it\/de\/wp-json\/wp\/v2\/pages"}],"about":[{"href":"http:\/\/www.campingilmelo.it\/de\/wp-json\/wp\/v2\/types\/page"}],"author":[{"embeddable":true,"href":"http:\/\/www.campingilmelo.it\/de\/wp-json\/wp\/v2\/users\/1"}],"replies":[{"embeddable":true,"href":"http:\/\/www.campingilmelo.it\/de\/wp-json\/wp\/v2\/comments?post=402"}],"version-history":[{"count":4,"href":"http:\/\/www.campingilmelo.it\/de\/wp-json\/wp\/v2\/pages\/402\/revisions"}],"predecessor-version":[{"id":3628,"href":"http:\/\/www.campingilmelo.it\/de\/wp-json\/wp\/v2\/pages\/402\/revisions\/3628"}],"wp:attachment":[{"href":"http:\/\/www.campingilmelo.it\/de\/wp-json\/wp\/v2\/media?parent=402"}],"curies":[{"name":"wp","href":"https:\/\/api.w.org\/{rel}","templated":true}]}}