{"id":1842,"date":"2018-04-18T17:06:08","date_gmt":"2018-04-18T15:06:08","guid":{"rendered":"http:\/\/www.campingilmelo.it\/de\/radfahren\/percorsi-mtb\/"},"modified":"2018-05-28T20:52:04","modified_gmt":"2018-05-28T18:52:04","slug":"mtb","status":"publish","type":"page","link":"http:\/\/www.campingilmelo.it\/de\/radfahren\/mtb\/","title":{"rendered":"MTB Route"},"content":{"rendered":"<div class=\"row\">\n<div class=\"col-md-12\">\n<h3>Suchfilter<\/h3>\n<\/div>\n<div class=\"col-md-4\">\n<h5>Abstand Km<\/h5>\n<div class=\"facetwp-facet facetwp-facet-facet_filtro_distanza facetwp-type-slider\" data-name=\"facet_filtro_distanza\" data-type=\"slider\"><\/div>\n<\/div>\n<div class=\"col-md-4\">\n<h5>H\u00f6henunterschied mt.<\/h5>\n<div class=\"facetwp-facet facetwp-facet-facet_filtro_disliv facetwp-type-slider\" data-name=\"facet_filtro_disliv\" data-type=\"slider\"><\/div>\n<\/div>\n<div class=\"col-md-4\">\n<h5>Schwierigkeitsgrad<\/h5>\n<div class=\"facetwp-facet facetwp-facet-facet_filtro_livello facetwp-type-checkboxes\" data-name=\"facet_filtro_livello\" data-type=\"checkboxes\"><\/div>\n<\/div>\n<\/div>\n<hr>\n<div class=\"facetwp-template\" data-name=\"pod_mtb_de\">    <div class=\"itinerari-list\">\n        \n\t<div class=\"row\">\n\t\t<div class=\"col-md-12\">\n\t\t<h4><a href=\"http:\/\/www.campingilmelo.it\/de\/itinerario\/fontana-cappa\/\">Fontana Cappa<\/a><\/h4>\n\t\t<\/div>\t\n\t<\/div>\t\n\n\t<div class=\"row\">\n\t\t<div class=\"col-md-3\">\n\t\t\t<a href=\"http:\/\/www.campingilmelo.it\/de\/itinerario\/fontana-cappa\/\"><img src=\"<img width=\"150\" height=\"150\" src=\"http:\/\/www.campingilmelo.it\/wp-content\/uploads\/2018\/04\/cappa-150x150.jpeg\" class=\"attachment-thumbnail size-thumbnail wp-post-image\" alt=\"Fontana Cappa\" decoding=\"async\" loading=\"lazy\" srcset=\"http:\/\/www.campingilmelo.it\/wp-content\/uploads\/2018\/04\/cappa-150x150.jpeg 150w, http:\/\/www.campingilmelo.it\/wp-content\/uploads\/2018\/04\/cappa-60x60.jpeg 60w\" sizes=\"(max-width: 150px) 100vw, 150px\" \/><\/a>\n\t\t<\/div>\t\n\t\t<div class=\"col-md-9\">\n\t\t\t<p><p>Die Reiseroute entwickelt sich an den H\u00e4ngen des Bisalta, zwischen Boves und Peveragno.<\/p>\n<\/p>\n\t\t\t<table style=\"margin: 0 auto;\">\n\t\t\t\t<tbody>\n\t\t\t\t<tr>\n\t\t\t\t\t<td>Abstand: 38 Km<\/td>\n\t\t\t\t\t<td>H\u00f6henunterschied: 834 mt<\/td>\n\t\t\t\t\t<td>Schwierigkeitsgrad: Intermedio<\/td>\n\t\t\t\t<\/tr>\n\t\t\t\t<\/tbody>\n\t\t\t<\/table>\n\t\t<\/div>\t\n\t<\/div>\t\n    <\/div>\n    <div class=\"itinerari-list\">\n        \n\t<div class=\"row\">\n\t\t<div class=\"col-md-12\">\n\t\t<h4><a href=\"http:\/\/www.campingilmelo.it\/de\/itinerario\/malandre\/\">Malandr\u00e8<\/a><\/h4>\n\t\t<\/div>\t\n\t<\/div>\t\n\n\t<div class=\"row\">\n\t\t<div class=\"col-md-3\">\n\t\t\t<a href=\"http:\/\/www.campingilmelo.it\/de\/itinerario\/malandre\/\"><img src=\"<img width=\"150\" height=\"150\" src=\"http:\/\/www.campingilmelo.it\/wp-content\/uploads\/2018\/04\/malandre\u0300-150x150.jpg\" class=\"attachment-thumbnail size-thumbnail wp-post-image\" alt=\"Malandr\u00e8\" decoding=\"async\" loading=\"lazy\" srcset=\"http:\/\/www.campingilmelo.it\/wp-content\/uploads\/2018\/04\/malandre\u0300-150x150.jpg 150w, http:\/\/www.campingilmelo.it\/wp-content\/uploads\/2018\/04\/malandre\u0300-60x60.jpg 60w\" sizes=\"(max-width: 150px) 100vw, 150px\" \/><\/a>\n\t\t<\/div>\t\n\t\t<div class=\"col-md-9\">\n\t\t\t<p><p>Die Route verl\u00e4uft entlang des Bergr\u00fcckens, der Boves vom unteren Vermenagna-Tal trennt.<\/p>\n<\/p>\n\t\t\t<table style=\"margin: 0 auto;\">\n\t\t\t\t<tbody>\n\t\t\t\t<tr>\n\t\t\t\t\t<td>Abstand: 15 Km<\/td>\n\t\t\t\t\t<td>H\u00f6henunterschied: 508 mt<\/td>\n\t\t\t\t\t<td>Schwierigkeitsgrad: Esperto<\/td>\n\t\t\t\t<\/tr>\n\t\t\t\t<\/tbody>\n\t\t\t<\/table>\n\t\t<\/div>\t\n\t<\/div>\t\n    <\/div>\n<\/div>\n<p><strong>Radfahr mit deinem Kopf !<\/strong> Es ist ratsam, immer die Durchf\u00fchrbarkeit der Route zu \u00fcberpr\u00fcfen, Fahrrad Route auf eigene Gefahr !<\/p>\n","protected":false},"excerpt":{"rendered":"<p>Suchfilter Abstand Km H\u00f6henunterschied mt. Schwierigkeitsgrad Radfahr mit deinem Kopf ! Es ist ratsam, immer die Durchf\u00fchrbarkeit der Route zu \u00fcberpr\u00fcfen, Fahrrad Route auf eigene Gefahr !<\/p>\n","protected":false},"author":4,"featured_media":0,"parent":1826,"menu_order":0,"comment_status":"closed","ping_status":"closed","template":"page-fullwidth.php","meta":{"ngg_post_thumbnail":0},"_links":{"self":[{"href":"http:\/\/www.campingilmelo.it\/de\/wp-json\/wp\/v2\/pages\/1842"}],"collection":[{"href":"http:\/\/www.campingilmelo.it\/de\/wp-json\/wp\/v2\/pages"}],"about":[{"href":"http:\/\/www.campingilmelo.it\/de\/wp-json\/wp\/v2\/types\/page"}],"author":[{"embeddable":true,"href":"http:\/\/www.campingilmelo.it\/de\/wp-json\/wp\/v2\/users\/4"}],"replies":[{"embeddable":true,"href":"http:\/\/www.campingilmelo.it\/de\/wp-json\/wp\/v2\/comments?post=1842"}],"version-history":[{"count":4,"href":"http:\/\/www.campingilmelo.it\/de\/wp-json\/wp\/v2\/pages\/1842\/revisions"}],"predecessor-version":[{"id":2140,"href":"http:\/\/www.campingilmelo.it\/de\/wp-json\/wp\/v2\/pages\/1842\/revisions\/2140"}],"up":[{"embeddable":true,"href":"http:\/\/www.campingilmelo.it\/de\/wp-json\/wp\/v2\/pages\/1826"}],"wp:attachment":[{"href":"http:\/\/www.campingilmelo.it\/de\/wp-json\/wp\/v2\/media?parent=1842"}],"curies":[{"name":"wp","href":"https:\/\/api.w.org\/{rel}","templated":true}]}}